{"id":311,"date":"2025-05-06T07:41:30","date_gmt":"2025-05-06T07:41:30","guid":{"rendered":"https:\/\/www.syringetest.com\/?page_id=311"},"modified":"2025-05-06T08:08:46","modified_gmt":"2025-05-06T08:08:46","slug":"needle-tubing-breakage-resistance-test","status":"publish","type":"page","link":"https:\/\/www.syringetest.com\/pt\/needle-tubing-breakage-resistance-test","title":{"rendered":"Teste de resist\u00eancia \u00e0 rutura de tubos de agulha"},"content":{"rendered":"<div data-elementor-type=\"wp-page\" data-elementor-id=\"311\" class=\"elementor elementor-311\" data-elementor-post-type=\"page\">\n\t\t\t\t<div class=\"elementor-element elementor-element-292be0b e-flex e-con-boxed e-con e-parent\" data-id=\"292be0b\" data-element_type=\"container\" data-settings=\"{&quot;background_background&quot;:&quot;classic&quot;}\">\n\t\t\t\t\t<div class=\"e-con-inner\">\n\t\t\t\t<div class=\"elementor-element elementor-element-0f48abd elementor-invisible elementor-widget elementor-widget-heading\" data-id=\"0f48abd\" data-element_type=\"widget\" data-settings=\"{&quot;_animation&quot;:&quot;fadeInUp&quot;}\" data-widget_type=\"heading.default\">\n\t\t\t\t<div class=\"elementor-widget-container\">\n\t\t\t\t\t<h2 class=\"elementor-heading-title elementor-size-default\">Teste de resist\u00eancia \u00e0 rutura de tubos de agulha<\/h2>\t\t\t\t<\/div>\n\t\t\t\t<\/div>\n\t\t\t\t<div class=\"elementor-element elementor-element-6817f29 elementor-widget__width-initial elementor-invisible elementor-widget elementor-widget-text-editor\" data-id=\"6817f29\" data-element_type=\"widget\" data-settings=\"{&quot;_animation&quot;:&quot;fadeInUp&quot;}\" data-widget_type=\"text-editor.default\">\n\t\t\t\t<div class=\"elementor-widget-container\">\n\t\t\t\t\t\t\t\t\t<p>Compreens\u00e3o <strong>resist\u00eancia \u00e0 rutura do tubo da agulha<\/strong> \u00e9 crucial para manter a seguran\u00e7a e a qualidade dos dispositivos m\u00e9dicos, especialmente seringas e agulhas de infus\u00e3o. Este teste garante que a tubagem pode suportar o esfor\u00e7o de flex\u00e3o durante o fabrico e a utiliza\u00e7\u00e3o cl\u00ednica sem falhas. Para os profissionais que trabalham no controlo de qualidade, especialmente nas ind\u00fastrias farmac\u00eautica e de dispositivos m\u00e9dicos, dominar este teste \u00e9 vital n\u00e3o s\u00f3 para a conformidade, mas tamb\u00e9m para a seguran\u00e7a dos doentes.<\/p>\t\t\t\t\t\t\t\t<\/div>\n\t\t\t\t<\/div>\n\t\t\t\t\t<\/div>\n\t\t\t\t<\/div>\n\t\t<div class=\"elementor-element elementor-element-05adfe7 e-flex e-con-boxed e-con e-parent\" data-id=\"05adfe7\" data-element_type=\"container\" data-settings=\"{&quot;background_background&quot;:&quot;classic&quot;}\">\n\t\t\t\t\t<div class=\"e-con-inner\">\n\t\t\t\t<div class=\"elementor-element elementor-element-ecf369e elementor-widget__width-inherit elementor-invisible elementor-widget elementor-widget-heading\" data-id=\"ecf369e\" data-element_type=\"widget\" data-settings=\"{&quot;_animation&quot;:&quot;fadeInUp&quot;}\" data-widget_type=\"heading.default\">\n\t\t\t\t<div class=\"elementor-widget-container\">\n\t\t\t\t\t<h2 class=\"elementor-heading-title elementor-size-default\">Import\u00e2ncia da resist\u00eancia \u00e0 rutura do tubo da agulha<\/h2>\t\t\t\t<\/div>\n\t\t\t\t<\/div>\n\t\t\t\t<div class=\"elementor-element elementor-element-f390758 elementor-invisible elementor-widget elementor-widget-text-editor\" data-id=\"f390758\" data-element_type=\"widget\" data-settings=\"{&quot;_animation&quot;:&quot;fadeInUp&quot;}\" data-widget_type=\"text-editor.default\">\n\t\t\t\t<div class=\"elementor-widget-container\">\n\t\t\t\t\t\t\t\t\t<p>Os tubos de agulhas t\u00eam de ser resistentes, especialmente durante o manuseamento repetido, a flex\u00e3o e a inser\u00e7\u00e3o em tecidos moles ou duros. Se o tubo se fraturar, pode causar danos graves ao doente e representar riscos legais e regulamentares para o fabricante. \u00c9 por isso que a <strong>resist\u00eancia \u00e0 rutura do tubo da agulha<\/strong> \u00e9 essencial - simula o stress mec\u00e2nico do mundo real e avalia se a tubagem mant\u00e9m a sua integridade estrutural ap\u00f3s uma flex\u00e3o c\u00edclica.<\/p><p><strong>Syringetest.com<\/strong> apoia esta necessidade cr\u00edtica, fornecendo sistemas de ensaio precisos e repet\u00edveis para ajudar os fabricantes de dispositivos m\u00e9dicos a cumprir eficazmente as normas internacionais.<\/p>\t\t\t\t\t\t\t\t<\/div>\n\t\t\t\t<\/div>\n\t\t\t\t\t<\/div>\n\t\t\t\t<\/div>\n\t\t<div class=\"elementor-element elementor-element-2b52750 e-flex e-con-boxed e-con e-parent\" data-id=\"2b52750\" data-element_type=\"container\" data-settings=\"{&quot;background_background&quot;:&quot;classic&quot;}\">\n\t\t\t\t\t<div class=\"e-con-inner\">\n\t\t\t\t<div class=\"elementor-element elementor-element-040e55f elementor-invisible elementor-widget elementor-widget-heading\" data-id=\"040e55f\" data-element_type=\"widget\" data-settings=\"{&quot;_animation&quot;:&quot;fadeInUp&quot;}\" data-widget_type=\"heading.default\">\n\t\t\t\t<div class=\"elementor-widget-container\">\n\t\t\t\t\t<h2 class=\"elementor-heading-title elementor-size-default\">Compreender a ISO 9626 e o Anexo C da ISO 9626<\/h2>\t\t\t\t<\/div>\n\t\t\t\t<\/div>\n\t\t\t\t<div class=\"elementor-element elementor-element-ae97939 elementor-invisible elementor-widget elementor-widget-text-editor\" data-id=\"ae97939\" data-element_type=\"widget\" data-settings=\"{&quot;_animation&quot;:&quot;fadeInUp&quot;}\" data-widget_type=\"text-editor.default\">\n\t\t\t\t<div class=\"elementor-widget-container\">\n\t\t\t\t\t\t\t\t\t<p><a href=\"https:\/\/www.syringetest.com\/pt\/standards\/iso-9626\/\">ISO 9626<\/a> \u00e9 a norma internacional que especifica as propriedades mec\u00e2nicas dos tubos de agulhas de a\u00e7o inoxid\u00e1vel utilizados no fabrico de dispositivos m\u00e9dicos. <strong>Anexo C da norma ISO 9626<\/strong> descreve um <strong>m\u00e9todo normativo<\/strong> para testar a resist\u00eancia dos tubos \u00e0 rutura sob tens\u00e3o de flex\u00e3o repetida.<\/p><p>De acordo com <strong>Anexo C<\/strong>Para tal, a tubagem tem de ser dobrada ciclicamente para simular a fadiga mec\u00e2nica e, em seguida, inspeccionada visualmente para detetar quaisquer sinais de fratura. O resultado determina se a tubagem cumpre os requisitos m\u00ednimos de desempenho necess\u00e1rios para uma utiliza\u00e7\u00e3o m\u00e9dica segura.<\/p>\t\t\t\t\t\t\t\t<\/div>\n\t\t\t\t<\/div>\n\t\t\t\t\t<\/div>\n\t\t\t\t<\/div>\n\t\t<div class=\"elementor-element elementor-element-3f79c0a e-flex e-con-boxed e-con e-parent\" data-id=\"3f79c0a\" data-element_type=\"container\" data-settings=\"{&quot;background_background&quot;:&quot;classic&quot;}\">\n\t\t\t\t\t<div class=\"e-con-inner\">\n\t\t\t\t<div class=\"elementor-element elementor-element-ec7f91b elementor-invisible elementor-widget elementor-widget-heading\" data-id=\"ec7f91b\" data-element_type=\"widget\" data-settings=\"{&quot;_animation&quot;:&quot;fadeInUp&quot;}\" data-widget_type=\"heading.default\">\n\t\t\t\t<div class=\"elementor-widget-container\">\n\t\t\t\t\t<h2 class=\"elementor-heading-title elementor-size-default\">M\u00e9todo de ensaio da resist\u00eancia \u00e0 rutura de tubos de agulhas<\/h2>\t\t\t\t<\/div>\n\t\t\t\t<\/div>\n\t\t\t\t<div class=\"elementor-element elementor-element-64203b6 elementor-invisible elementor-widget elementor-widget-text-editor\" data-id=\"64203b6\" data-element_type=\"widget\" data-settings=\"{&quot;_animation&quot;:&quot;fadeInUp&quot;}\" data-widget_type=\"text-editor.default\">\n\t\t\t\t<div class=\"elementor-widget-container\">\n\t\t\t\t\t\t\t\t\t<p>O teste de resist\u00eancia \u00e0 rutura envolve procedimentos precisos, que garantem a repetibilidade e a conformidade. Segue-se uma descri\u00e7\u00e3o do m\u00e9todo, tal como referido em <strong>ISO 9626 Anexo C<\/strong>:<\/p>\t\t\t\t\t\t\t\t<\/div>\n\t\t\t\t<\/div>\n\t\t\t\t<div class=\"elementor-element elementor-element-c66d4c9 e-n-tabs-mobile elementor-invisible elementor-widget elementor-widget-n-tabs\" data-id=\"c66d4c9\" data-element_type=\"widget\" data-settings=\"{&quot;tabs_justify_horizontal&quot;:&quot;center&quot;,&quot;_animation&quot;:&quot;fadeInUp&quot;,&quot;horizontal_scroll&quot;:&quot;disable&quot;}\" data-widget_type=\"nested-tabs.default\">\n\t\t\t\t<div class=\"elementor-widget-container\">\n\t\t\t\t\t\t\t<div class=\"e-n-tabs\" data-widget-number=\"208065737\" aria-label=\"Sekmeler. Enter ve Space ile \u00f6geleri a\u00e7abilir, Escape ile \u00f6geleri kapatabilir ve Y\u00f6n tu\u015flar\u0131 ile \u00f6geler aras\u0131nda gezinebilirsiniz.\" data-no-translation-aria-label=\"\">\n\t\t\t<div class=\"e-n-tabs-heading\" role=\"tablist\">\n\t\t\t\t\t<button id=\"e-n-tab-title-2080657371\" class=\"e-n-tab-title\" aria-selected=\"true\" data-tab-index=\"1\" role=\"tab\" tabindex=\"0\" aria-controls=\"e-n-tab-content-2080657371\" style=\"--n-tabs-title-order: 1;\">\n\t\t\t\t\t\t<span class=\"e-n-tab-title-text\">\n\t\t\t\tRequisitos dos aparelhos\t\t\t<\/span>\n\t\t<\/button>\n\t\t\t\t<button id=\"e-n-tab-title-2080657372\" class=\"e-n-tab-title\" aria-selected=\"false\" data-tab-index=\"2\" role=\"tab\" tabindex=\"-1\" aria-controls=\"e-n-tab-content-2080657372\" style=\"--n-tabs-title-order: 2;\">\n\t\t\t\t\t\t<span class=\"e-n-tab-title-text\">\n\t\t\t\tProcedimento de ensaio\t\t\t<\/span>\n\t\t<\/button>\n\t\t\t\t<button id=\"e-n-tab-title-2080657373\" class=\"e-n-tab-title\" aria-selected=\"false\" data-tab-index=\"3\" role=\"tab\" tabindex=\"-1\" aria-controls=\"e-n-tab-content-2080657373\" style=\"--n-tabs-title-order: 3;\">\n\t\t\t\t\t\t<span class=\"e-n-tab-title-text\">\n\t\t\t\tRequisitos de comunica\u00e7\u00e3o e documenta\u00e7\u00e3o\t\t\t<\/span>\n\t\t<\/button>\n\t\t\t\t\t<\/div>\n\t\t\t<div class=\"e-n-tabs-content\">\n\t\t\t\t<div id=\"e-n-tab-content-2080657371\" role=\"tabpanel\" aria-labelledby=\"e-n-tab-title-2080657371\" data-tab-index=\"1\" style=\"--n-tabs-title-order: 1;\" class=\"e-active elementor-element elementor-element-661f178 e-con-full e-flex e-con e-child\" data-id=\"661f178\" data-element_type=\"container\">\n\t\t\t\t<div class=\"elementor-element elementor-element-45c637c elementor-widget elementor-widget-text-editor\" data-id=\"45c637c\" data-element_type=\"widget\" data-widget_type=\"text-editor.default\">\n\t\t\t\t<div class=\"elementor-widget-container\">\n\t\t\t\t\t\t\t\t\t<p>Para efetuar o ensaio de forma eficaz, \u00e9 necess\u00e1rio o seguinte equipamento<\/p><ul><li><strong>Dispositivo de fixa\u00e7\u00e3o de tubos:<\/strong> Para manter uma extremidade do tubo rigidamente no lugar.<\/li><li><strong>Dispositivo de aplica\u00e7\u00e3o de for\u00e7a:<\/strong> Capaz de dobrar a tubagem at\u00e9 25\u00b0 consoante a espessura da parede.<\/li><\/ul>\t\t\t\t\t\t\t\t<\/div>\n\t\t\t\t<\/div>\n\t\t\t\t<\/div>\n\t\t<div id=\"e-n-tab-content-2080657372\" role=\"tabpanel\" aria-labelledby=\"e-n-tab-title-2080657372\" data-tab-index=\"2\" style=\"--n-tabs-title-order: 2;\" class=\"elementor-element elementor-element-8d83155 e-con-full e-flex e-con e-child\" data-id=\"8d83155\" data-element_type=\"container\">\n\t\t\t\t<div class=\"elementor-element elementor-element-1bab19a elementor-widget elementor-widget-text-editor\" data-id=\"1bab19a\" data-element_type=\"widget\" data-widget_type=\"text-editor.default\">\n\t\t\t\t<div class=\"elementor-widget-container\">\n\t\t\t\t\t\t\t\t\t<ol><li><strong>Fixar a tubagem:<\/strong> Uma extremidade do tubo da agulha \u00e9 fixada rigidamente ao suporte.<\/li><li><strong>Aplicar for\u00e7a de flex\u00e3o:<\/strong> A uma dist\u00e2ncia especificada do ponto fixo, dobrar a tubagem numa dire\u00e7\u00e3o atrav\u00e9s de um \u00e2ngulo definido:<ul><li><em>(25 \u00b11)\u00b0<\/em> para paredes regulares<\/li><li><em>(20 \u00b11)\u00b0<\/em> para paredes finas<\/li><li><em>(15 \u00b11)\u00b0<\/em> para tubos de paredes extra-finas e ultra-finas<\/li><\/ul><\/li><li><strong>Inverter a For\u00e7a:<\/strong> Dobre a tubagem na dire\u00e7\u00e3o oposta atrav\u00e9s do mesmo \u00e2ngulo.<\/li><li><strong>Repetir o ciclo:<\/strong> Conduta <strong>20 ciclos completos<\/strong> de revers\u00e3o a uma taxa de <strong>0,5 Hz<\/strong>.<\/li><li><strong>Inspe\u00e7\u00e3o visual:<\/strong> Ap\u00f3s o ciclo, verificar se a tubagem apresenta sinais vis\u00edveis de <strong>quebra<\/strong> ou fissuras.<\/li><\/ol>\t\t\t\t\t\t\t\t<\/div>\n\t\t\t\t<\/div>\n\t\t\t\t<\/div>\n\t\t<div id=\"e-n-tab-content-2080657373\" role=\"tabpanel\" aria-labelledby=\"e-n-tab-title-2080657373\" data-tab-index=\"3\" style=\"--n-tabs-title-order: 3;\" class=\"elementor-element elementor-element-bc03100 e-flex e-con-boxed e-con e-child\" data-id=\"bc03100\" data-element_type=\"container\">\n\t\t\t\t\t<div class=\"e-con-inner\">\n\t\t\t\t<div class=\"elementor-element elementor-element-5d48674 elementor-widget elementor-widget-text-editor\" data-id=\"5d48674\" data-element_type=\"widget\" data-widget_type=\"text-editor.default\">\n\t\t\t\t<div class=\"elementor-widget-container\">\n\t\t\t\t\t\t\t\t\t<p>Um relat\u00f3rio de ensaio completo deve incluir:<\/p><ul><li><strong>Tamanho e identifica\u00e7\u00e3o dos tubos<\/strong><\/li><li><strong>Classifica\u00e7\u00e3o do tipo de parede<\/strong> (normal, fina, extra-fina, ultra-fina)<\/li><li><strong>Resultados visuais<\/strong> de rutura<\/li><li><strong>Data do ensaio<\/strong><\/li><li><strong>Tipo de liga de a\u00e7o inoxid\u00e1vel<\/strong> conforme especificado na cl\u00e1usula 4 da norma ISO 9626<\/li><\/ul><p>Uma documenta\u00e7\u00e3o exacta garante a rastreabilidade e facilita os processos de auditoria ou certifica\u00e7\u00e3o, que s\u00e3o essenciais para as empresas que pretendem exportar ou cumprir normas regulamentares rigorosas.<\/p>\t\t\t\t\t\t\t\t<\/div>\n\t\t\t\t<\/div>\n\t\t\t\t\t<\/div>\n\t\t\t\t<\/div>\n\t\t\t\t\t<\/div>\n\t\t<\/div>\n\t\t\t\t\t\t<\/div>\n\t\t\t\t<\/div>\n\t\t\t\t\t<\/div>\n\t\t\t\t<\/div>\n\t\t<div class=\"elementor-element elementor-element-1b581cc e-con-full e-flex e-con e-parent\" data-id=\"1b581cc\" data-element_type=\"container\" data-settings=\"{&quot;background_background&quot;:&quot;classic&quot;}\">\n\t\t<div class=\"elementor-element elementor-element-61afd37 e-grid e-con-full e-con e-child\" data-id=\"61afd37\" data-element_type=\"container\">\n\t\t<div class=\"elementor-element elementor-element-f8ace73 e-con-full e-flex elementor-invisible e-con e-child\" data-id=\"f8ace73\" data-element_type=\"container\" data-settings=\"{&quot;background_background&quot;:&quot;classic&quot;,&quot;animation&quot;:&quot;fadeInLeft&quot;}\">\n\t\t\t\t<\/div>\n\t\t<div class=\"elementor-element elementor-element-94cc5ad e-flex e-con-boxed elementor-invisible e-con e-child\" data-id=\"94cc5ad\" data-element_type=\"container\" data-settings=\"{&quot;animation&quot;:&quot;fadeInRight&quot;}\">\n\t\t\t\t\t<div class=\"e-con-inner\">\n\t\t\t\t<div class=\"elementor-element elementor-element-907b713 elementor-widget elementor-widget-heading\" data-id=\"907b713\" data-element_type=\"widget\" data-widget_type=\"heading.default\">\n\t\t\t\t<div class=\"elementor-widget-container\">\n\t\t\t\t\t<h2 class=\"elementor-heading-title elementor-size-default\">Porqu\u00ea escolher <b>Syringetest.com?<\/b><\/h2>\t\t\t\t<\/div>\n\t\t\t\t<\/div>\n\t\t\t\t<div class=\"elementor-element elementor-element-718f32f elementor-widget elementor-widget-text-editor\" data-id=\"718f32f\" data-element_type=\"widget\" data-widget_type=\"text-editor.default\">\n\t\t\t\t<div class=\"elementor-widget-container\">\n\t\t\t\t\t\t\t\t\t<p>Em <strong>Syringetest.com<\/strong>Somos especializados na conce\u00e7\u00e3o de produtos de alta precis\u00e3o, <strong>sistemas de ensaio automatizados<\/strong> que cumprem as normas ISO, incluindo <strong>ISO 9626 Anexo C<\/strong>. O nosso equipamento \u00e9 amplamente utilizado no controlo de qualidade de dispositivos m\u00e9dicos, garantindo resultados de teste consistentes com o m\u00ednimo de erro humano. Para al\u00e9m disso, oferecemos <strong>solu\u00e7\u00f5es personaliz\u00e1veis<\/strong> para dimens\u00f5es de tubos ou tipos de parede \u00fanicos e fornecem <strong>servi\u00e7os de transforma\u00e7\u00e3o da automa\u00e7\u00e3o<\/strong> para integrar este ensaio nas linhas de produ\u00e7\u00e3o sem problemas.<\/p><p>Quer esteja no sector farmac\u00eautico, de dispositivos m\u00e9dicos ou de inspe\u00e7\u00e3o de qualidade, os nossos instrumentos ajudam-no a manter a conformidade e a melhorar a efici\u00eancia operacional.<\/p>\t\t\t\t\t\t\t\t<\/div>\n\t\t\t\t<\/div>\n\t\t\t\t<div class=\"elementor-element elementor-element-f735b94 elementor-widget elementor-widget-eael-creative-button\" data-id=\"f735b94\" data-element_type=\"widget\" data-widget_type=\"eael-creative-button.default\">\n\t\t\t\t<div class=\"elementor-widget-container\">\n\t\t\t\t\t        <div class=\"eael-creative-button-wrapper\">\n\n            <a class=\"eael-creative-button eael-creative-button--default\" href=\"#\" data-text=\"Contact Us\">\n\n\t    \n                <div class=\"creative-button-inner\">\n\n                    \n                    <span class=\"cretive-button-text\">Contactar-nos<\/span>\n\n                                    <\/div>\n\t                        <\/a>\n        <\/div>\n        \t\t\t\t<\/div>\n\t\t\t\t<\/div>\n\t\t\t\t\t<\/div>\n\t\t\t\t<\/div>\n\t\t\t\t<\/div>\n\t\t\t\t<\/div>\n\t\t\t\t<\/div>","protected":false},"excerpt":{"rendered":"<p>Needle Tubing Breakage Resistance Test Understanding needle tubing breakage resistance is crucial for maintaining the safety and quality of medical devices, especially syringes and infusion needles. This test ensures that the tubing can endure bending stress during manufacturing and clinical use without failure. For professionals working in quality control, especially in pharmaceutical and medical device [&hellip;]<\/p>","protected":false},"author":2,"featured_media":0,"parent":0,"menu_order":0,"comment_status":"closed","ping_status":"closed","template":"elementor_header_footer","meta":{"footnotes":""},"class_list":["post-311","page","type-page","status-publish","hentry"],"yoast_head":"<!-- This site is optimized with the Yoast SEO plugin v25.0 - https:\/\/yoast.com\/wordpress\/plugins\/seo\/ -->\n<title>Needle Tubing Breakage Resistance Test - ISO 9626 Annex C<\/title>\n<meta name=\"description\" content=\"Conduct syringe needle tubing breakage resistance tests in compliance with ISO 9626 and Annex C. Ensure safety and reliability in syringes.\" \/>\n<meta name=\"robots\" content=\"index, follow, max-snippet:-1, max-image-preview:large, max-video-preview:-1\" \/>\n<link rel=\"canonical\" href=\"https:\/\/www.syringetest.com\/pt\/needle-tubing-breakage-resistance-test\/\" \/>\n<meta property=\"og:locale\" content=\"pt_PT\" \/>\n<meta property=\"og:type\" content=\"article\" \/>\n<meta property=\"og:title\" content=\"Needle Tubing Breakage Resistance Test - ISO 9626 Annex C\" \/>\n<meta property=\"og:description\" content=\"Conduct syringe needle tubing breakage resistance tests in compliance with ISO 9626 and Annex C. Ensure safety and reliability in syringes.\" \/>\n<meta property=\"og:url\" content=\"https:\/\/www.syringetest.com\/pt\/needle-tubing-breakage-resistance-test\/\" \/>\n<meta property=\"og:site_name\" content=\"Syringe and Needle Testing\" \/>\n<meta property=\"article:modified_time\" content=\"2025-05-06T08:08:46+00:00\" \/>\n<meta name=\"twitter:card\" content=\"summary_large_image\" \/>\n<meta name=\"twitter:label1\" content=\"Tempo estimado de leitura\" \/>\n\t<meta name=\"twitter:data1\" content=\"4 minutos\" \/>\n<script type=\"application\/ld+json\" class=\"yoast-schema-graph\">{\"@context\":\"https:\/\/schema.org\",\"@graph\":[{\"@type\":\"WebPage\",\"@id\":\"https:\/\/www.syringetest.com\/needle-tubing-breakage-resistance-test\",\"url\":\"https:\/\/www.syringetest.com\/needle-tubing-breakage-resistance-test\",\"name\":\"Needle Tubing Breakage Resistance Test - ISO 9626 Annex C\",\"isPartOf\":{\"@id\":\"https:\/\/www.syringetest.com\/#website\"},\"datePublished\":\"2025-05-06T07:41:30+00:00\",\"dateModified\":\"2025-05-06T08:08:46+00:00\",\"description\":\"Conduct syringe needle tubing breakage resistance tests in compliance with ISO 9626 and Annex C. Ensure safety and reliability in syringes.\",\"breadcrumb\":{\"@id\":\"https:\/\/www.syringetest.com\/needle-tubing-breakage-resistance-test#breadcrumb\"},\"inLanguage\":\"pt-PT\",\"potentialAction\":[{\"@type\":\"ReadAction\",\"target\":[\"https:\/\/www.syringetest.com\/needle-tubing-breakage-resistance-test\"]}]},{\"@type\":\"BreadcrumbList\",\"@id\":\"https:\/\/www.syringetest.com\/needle-tubing-breakage-resistance-test#breadcrumb\",\"itemListElement\":[{\"@type\":\"ListItem\",\"position\":1,\"name\":\"Home\",\"item\":\"https:\/\/www.syringetest.com\/\"},{\"@type\":\"ListItem\",\"position\":2,\"name\":\"Needle Tubing Breakage Resistance Test\"}]},{\"@type\":\"WebSite\",\"@id\":\"https:\/\/www.syringetest.com\/#website\",\"url\":\"https:\/\/www.syringetest.com\/\",\"name\":\"Syringe and Needle Testing\",\"description\":\"Syringe and Needle Test Solutions\",\"publisher\":{\"@id\":\"https:\/\/www.syringetest.com\/#organization\"},\"potentialAction\":[{\"@type\":\"SearchAction\",\"target\":{\"@type\":\"EntryPoint\",\"urlTemplate\":\"https:\/\/www.syringetest.com\/?s={search_term_string}\"},\"query-input\":{\"@type\":\"PropertyValueSpecification\",\"valueRequired\":true,\"valueName\":\"search_term_string\"}}],\"inLanguage\":\"pt-PT\"},{\"@type\":\"Organization\",\"@id\":\"https:\/\/www.syringetest.com\/#organization\",\"name\":\"Syringe and Needle Testing\",\"url\":\"https:\/\/www.syringetest.com\/\",\"logo\":{\"@type\":\"ImageObject\",\"inLanguage\":\"pt-PT\",\"@id\":\"https:\/\/www.syringetest.com\/#\/schema\/logo\/image\/\",\"url\":\"https:\/\/www.syringetest.com\/wp-content\/uploads\/2025\/04\/syringetest.webp\",\"contentUrl\":\"https:\/\/www.syringetest.com\/wp-content\/uploads\/2025\/04\/syringetest.webp\",\"width\":512,\"height\":512,\"caption\":\"Syringe and Needle Testing\"},\"image\":{\"@id\":\"https:\/\/www.syringetest.com\/#\/schema\/logo\/image\/\"}}]}<\/script>\n<!-- \/ Yoast SEO plugin. -->","yoast_head_json":{"title":"Needle Tubing Breakage Resistance Test - ISO 9626 Annex C","description":"Conduct syringe needle tubing breakage resistance tests in compliance with ISO 9626 and Annex C. Ensure safety and reliability in syringes.","robots":{"index":"index","follow":"follow","max-snippet":"max-snippet:-1","max-image-preview":"max-image-preview:large","max-video-preview":"max-video-preview:-1"},"canonical":"https:\/\/www.syringetest.com\/pt\/needle-tubing-breakage-resistance-test\/","og_locale":"pt_PT","og_type":"article","og_title":"Needle Tubing Breakage Resistance Test - ISO 9626 Annex C","og_description":"Conduct syringe needle tubing breakage resistance tests in compliance with ISO 9626 and Annex C. Ensure safety and reliability in syringes.","og_url":"https:\/\/www.syringetest.com\/pt\/needle-tubing-breakage-resistance-test\/","og_site_name":"Syringe and Needle Testing","article_modified_time":"2025-05-06T08:08:46+00:00","twitter_card":"summary_large_image","twitter_misc":{"Tempo estimado de leitura":"4 minutos"},"schema":{"@context":"https:\/\/schema.org","@graph":[{"@type":"WebPage","@id":"https:\/\/www.syringetest.com\/needle-tubing-breakage-resistance-test","url":"https:\/\/www.syringetest.com\/needle-tubing-breakage-resistance-test","name":"Needle Tubing Breakage Resistance Test - ISO 9626 Annex C","isPartOf":{"@id":"https:\/\/www.syringetest.com\/#website"},"datePublished":"2025-05-06T07:41:30+00:00","dateModified":"2025-05-06T08:08:46+00:00","description":"Conduct syringe needle tubing breakage resistance tests in compliance with ISO 9626 and Annex C. Ensure safety and reliability in syringes.","breadcrumb":{"@id":"https:\/\/www.syringetest.com\/needle-tubing-breakage-resistance-test#breadcrumb"},"inLanguage":"pt-PT","potentialAction":[{"@type":"ReadAction","target":["https:\/\/www.syringetest.com\/needle-tubing-breakage-resistance-test"]}]},{"@type":"BreadcrumbList","@id":"https:\/\/www.syringetest.com\/needle-tubing-breakage-resistance-test#breadcrumb","itemListElement":[{"@type":"ListItem","position":1,"name":"Home","item":"https:\/\/www.syringetest.com\/"},{"@type":"ListItem","position":2,"name":"Needle Tubing Breakage Resistance Test"}]},{"@type":"WebSite","@id":"https:\/\/www.syringetest.com\/#website","url":"https:\/\/www.syringetest.com\/","name":"Syringe and Needle Testing","description":"Syringe and Needle Test Solutions","publisher":{"@id":"https:\/\/www.syringetest.com\/#organization"},"potentialAction":[{"@type":"SearchAction","target":{"@type":"EntryPoint","urlTemplate":"https:\/\/www.syringetest.com\/?s={search_term_string}"},"query-input":{"@type":"PropertyValueSpecification","valueRequired":true,"valueName":"search_term_string"}}],"inLanguage":"pt-PT"},{"@type":"Organization","@id":"https:\/\/www.syringetest.com\/#organization","name":"Syringe and Needle Testing","url":"https:\/\/www.syringetest.com\/","logo":{"@type":"ImageObject","inLanguage":"pt-PT","@id":"https:\/\/www.syringetest.com\/#\/schema\/logo\/image\/","url":"https:\/\/www.syringetest.com\/wp-content\/uploads\/2025\/04\/syringetest.webp","contentUrl":"https:\/\/www.syringetest.com\/wp-content\/uploads\/2025\/04\/syringetest.webp","width":512,"height":512,"caption":"Syringe and Needle Testing"},"image":{"@id":"https:\/\/www.syringetest.com\/#\/schema\/logo\/image\/"}}]}},"_links":{"self":[{"href":"https:\/\/www.syringetest.com\/pt\/wp-json\/wp\/v2\/pages\/311","targetHints":{"allow":["GET"]}}],"collection":[{"href":"https:\/\/www.syringetest.com\/pt\/wp-json\/wp\/v2\/pages"}],"about":[{"href":"https:\/\/www.syringetest.com\/pt\/wp-json\/wp\/v2\/types\/page"}],"author":[{"embeddable":true,"href":"https:\/\/www.syringetest.com\/pt\/wp-json\/wp\/v2\/users\/2"}],"replies":[{"embeddable":true,"href":"https:\/\/www.syringetest.com\/pt\/wp-json\/wp\/v2\/comments?post=311"}],"version-history":[{"count":4,"href":"https:\/\/www.syringetest.com\/pt\/wp-json\/wp\/v2\/pages\/311\/revisions"}],"predecessor-version":[{"id":315,"href":"https:\/\/www.syringetest.com\/pt\/wp-json\/wp\/v2\/pages\/311\/revisions\/315"}],"wp:attachment":[{"href":"https:\/\/www.syringetest.com\/pt\/wp-json\/wp\/v2\/media?parent=311"}],"curies":[{"name":"wp","href":"https:\/\/api.w.org\/{rel}","templated":true}]}}