{"id":311,"date":"2025-05-06T07:41:30","date_gmt":"2025-05-06T07:41:30","guid":{"rendered":"https:\/\/www.syringetest.com\/?page_id=311"},"modified":"2025-05-06T08:08:46","modified_gmt":"2025-05-06T08:08:46","slug":"needle-tubing-breakage-resistance-test","status":"publish","type":"page","link":"https:\/\/www.syringetest.com\/pl\/needle-tubing-breakage-resistance-test","title":{"rendered":"Test odporno\u015bci na z\u0142amanie rurki ig\u0142owej"},"content":{"rendered":"<div data-elementor-type=\"wp-page\" data-elementor-id=\"311\" class=\"elementor elementor-311\" data-elementor-post-type=\"page\">\n\t\t\t\t<div class=\"elementor-element elementor-element-292be0b e-flex e-con-boxed e-con e-parent\" data-id=\"292be0b\" data-element_type=\"container\" data-settings=\"{&quot;background_background&quot;:&quot;classic&quot;}\">\n\t\t\t\t\t<div class=\"e-con-inner\">\n\t\t\t\t<div class=\"elementor-element elementor-element-0f48abd elementor-invisible elementor-widget elementor-widget-heading\" data-id=\"0f48abd\" data-element_type=\"widget\" data-settings=\"{&quot;_animation&quot;:&quot;fadeInUp&quot;}\" data-widget_type=\"heading.default\">\n\t\t\t\t<div class=\"elementor-widget-container\">\n\t\t\t\t\t<h2 class=\"elementor-heading-title elementor-size-default\">Test odporno\u015bci na z\u0142amanie rurki ig\u0142owej<\/h2>\t\t\t\t<\/div>\n\t\t\t\t<\/div>\n\t\t\t\t<div class=\"elementor-element elementor-element-6817f29 elementor-widget__width-initial elementor-invisible elementor-widget elementor-widget-text-editor\" data-id=\"6817f29\" data-element_type=\"widget\" data-settings=\"{&quot;_animation&quot;:&quot;fadeInUp&quot;}\" data-widget_type=\"text-editor.default\">\n\t\t\t\t<div class=\"elementor-widget-container\">\n\t\t\t\t\t\t\t\t\t<p>Zrozumienie <strong>Odporno\u015b\u0107 na p\u0119kanie rurek ig\u0142owych<\/strong> ma kluczowe znaczenie dla utrzymania bezpiecze\u0144stwa i jako\u015bci urz\u0105dze\u0144 medycznych, zw\u0142aszcza strzykawek i igie\u0142 infuzyjnych. Test ten zapewnia, \u017ce rurki mog\u0105 wytrzyma\u0107 napr\u0119\u017cenia zginaj\u0105ce podczas produkcji i u\u017cytkowania klinicznego bez awarii. Dla profesjonalist\u00f3w zajmuj\u0105cych si\u0119 kontrol\u0105 jako\u015bci, zw\u0142aszcza w bran\u017cy farmaceutycznej i urz\u0105dze\u0144 medycznych, opanowanie tego testu ma kluczowe znaczenie nie tylko dla zgodno\u015bci z przepisami, ale tak\u017ce dla bezpiecze\u0144stwa pacjent\u00f3w.<\/p>\t\t\t\t\t\t\t\t<\/div>\n\t\t\t\t<\/div>\n\t\t\t\t\t<\/div>\n\t\t\t\t<\/div>\n\t\t<div class=\"elementor-element elementor-element-05adfe7 e-flex e-con-boxed e-con e-parent\" data-id=\"05adfe7\" data-element_type=\"container\" data-settings=\"{&quot;background_background&quot;:&quot;classic&quot;}\">\n\t\t\t\t\t<div class=\"e-con-inner\">\n\t\t\t\t<div class=\"elementor-element elementor-element-ecf369e elementor-widget__width-inherit elementor-invisible elementor-widget elementor-widget-heading\" data-id=\"ecf369e\" data-element_type=\"widget\" data-settings=\"{&quot;_animation&quot;:&quot;fadeInUp&quot;}\" data-widget_type=\"heading.default\">\n\t\t\t\t<div class=\"elementor-widget-container\">\n\t\t\t\t\t<h2 class=\"elementor-heading-title elementor-size-default\">Znaczenie odporno\u015bci rurek ig\u0142owych na z\u0142amania<\/h2>\t\t\t\t<\/div>\n\t\t\t\t<\/div>\n\t\t\t\t<div class=\"elementor-element elementor-element-f390758 elementor-invisible elementor-widget elementor-widget-text-editor\" data-id=\"f390758\" data-element_type=\"widget\" data-settings=\"{&quot;_animation&quot;:&quot;fadeInUp&quot;}\" data-widget_type=\"text-editor.default\">\n\t\t\t\t<div class=\"elementor-widget-container\">\n\t\t\t\t\t\t\t\t\t<p>Rurki ig\u0142y musz\u0105 by\u0107 spr\u0119\u017cyste, zw\u0142aszcza podczas wielokrotnego przenoszenia, zginania i wprowadzania do mi\u0119kkich lub twardych tkanek. Je\u015bli rurka p\u0119knie, mo\u017ce to spowodowa\u0107 powa\u017cne obra\u017cenia u pacjenta i stanowi\u0107 ryzyko prawne i regulacyjne dla producenta. Dlatego te\u017c <strong>Odporno\u015b\u0107 na p\u0119kanie rurek ig\u0142owych<\/strong> test jest niezb\u0119dny - symuluje rzeczywiste napr\u0119\u017cenia mechaniczne i ocenia, czy rura zachowuje integralno\u015b\u0107 strukturaln\u0105 po cyklicznym zginaniu.<\/p><p><strong>Syringetest.com<\/strong> wspiera t\u0119 krytyczn\u0105 potrzeb\u0119, dostarczaj\u0105c dok\u0142adne i powtarzalne systemy testowe, kt\u00f3re pomagaj\u0105 producentom urz\u0105dze\u0144 medycznych skutecznie spe\u0142nia\u0107 mi\u0119dzynarodowe standardy.<\/p>\t\t\t\t\t\t\t\t<\/div>\n\t\t\t\t<\/div>\n\t\t\t\t\t<\/div>\n\t\t\t\t<\/div>\n\t\t<div class=\"elementor-element elementor-element-2b52750 e-flex e-con-boxed e-con e-parent\" data-id=\"2b52750\" data-element_type=\"container\" data-settings=\"{&quot;background_background&quot;:&quot;classic&quot;}\">\n\t\t\t\t\t<div class=\"e-con-inner\">\n\t\t\t\t<div class=\"elementor-element elementor-element-040e55f elementor-invisible elementor-widget elementor-widget-heading\" data-id=\"040e55f\" data-element_type=\"widget\" data-settings=\"{&quot;_animation&quot;:&quot;fadeInUp&quot;}\" data-widget_type=\"heading.default\">\n\t\t\t\t<div class=\"elementor-widget-container\">\n\t\t\t\t\t<h2 class=\"elementor-heading-title elementor-size-default\">Zrozumienie norm ISO 9626 i ISO 9626 za\u0142\u0105cznik C<\/h2>\t\t\t\t<\/div>\n\t\t\t\t<\/div>\n\t\t\t\t<div class=\"elementor-element elementor-element-ae97939 elementor-invisible elementor-widget elementor-widget-text-editor\" data-id=\"ae97939\" data-element_type=\"widget\" data-settings=\"{&quot;_animation&quot;:&quot;fadeInUp&quot;}\" data-widget_type=\"text-editor.default\">\n\t\t\t\t<div class=\"elementor-widget-container\">\n\t\t\t\t\t\t\t\t\t<p><a href=\"https:\/\/www.syringetest.com\/pl\/standards\/iso-9626\/\">ISO 9626<\/a> to mi\u0119dzynarodowa norma okre\u015blaj\u0105ca w\u0142a\u015bciwo\u015bci mechaniczne rurek ig\u0142owych ze stali nierdzewnej stosowanych w produkcji urz\u0105dze\u0144 medycznych. <strong>Za\u0142\u0105cznik C do normy ISO 9626<\/strong> przedstawia <strong>metoda normatywna<\/strong> do testowania odporno\u015bci rurek na p\u0119kanie pod wp\u0142ywem powtarzaj\u0105cych si\u0119 napr\u0119\u017ce\u0144 zginaj\u0105cych.<\/p><p>Wed\u0142ug <strong>Za\u0142\u0105cznik C<\/strong>Rurki musz\u0105 by\u0107 cyklicznie zginane w celu symulacji zm\u0119czenia mechanicznego, a nast\u0119pnie sprawdzane wizualnie pod k\u0105tem jakichkolwiek oznak p\u0119kni\u0119cia. Wynik okre\u015bla, czy rurka spe\u0142nia minimalne wymagania dotycz\u0105ce wydajno\u015bci niezb\u0119dne do bezpiecznego u\u017cytku medycznego.<\/p>\t\t\t\t\t\t\t\t<\/div>\n\t\t\t\t<\/div>\n\t\t\t\t\t<\/div>\n\t\t\t\t<\/div>\n\t\t<div class=\"elementor-element elementor-element-3f79c0a e-flex e-con-boxed e-con e-parent\" data-id=\"3f79c0a\" data-element_type=\"container\" data-settings=\"{&quot;background_background&quot;:&quot;classic&quot;}\">\n\t\t\t\t\t<div class=\"e-con-inner\">\n\t\t\t\t<div class=\"elementor-element elementor-element-ec7f91b elementor-invisible elementor-widget elementor-widget-heading\" data-id=\"ec7f91b\" data-element_type=\"widget\" data-settings=\"{&quot;_animation&quot;:&quot;fadeInUp&quot;}\" data-widget_type=\"heading.default\">\n\t\t\t\t<div class=\"elementor-widget-container\">\n\t\t\t\t\t<h2 class=\"elementor-heading-title elementor-size-default\">Metoda badania odporno\u015bci na z\u0142amanie rurki ig\u0142owej<\/h2>\t\t\t\t<\/div>\n\t\t\t\t<\/div>\n\t\t\t\t<div class=\"elementor-element elementor-element-64203b6 elementor-invisible elementor-widget elementor-widget-text-editor\" data-id=\"64203b6\" data-element_type=\"widget\" data-settings=\"{&quot;_animation&quot;:&quot;fadeInUp&quot;}\" data-widget_type=\"text-editor.default\">\n\t\t\t\t<div class=\"elementor-widget-container\">\n\t\t\t\t\t\t\t\t\t<p>Test odporno\u015bci na zerwanie obejmuje precyzyjne procedury, kt\u00f3re zapewniaj\u0105 powtarzalno\u015b\u0107 i zgodno\u015b\u0107. Oto podzia\u0142 metody, zgodnie z odniesieniem w <strong>ISO 9626 Za\u0142\u0105cznik C<\/strong>:<\/p>\t\t\t\t\t\t\t\t<\/div>\n\t\t\t\t<\/div>\n\t\t\t\t<div class=\"elementor-element elementor-element-c66d4c9 e-n-tabs-mobile elementor-invisible elementor-widget elementor-widget-n-tabs\" data-id=\"c66d4c9\" data-element_type=\"widget\" data-settings=\"{&quot;tabs_justify_horizontal&quot;:&quot;center&quot;,&quot;_animation&quot;:&quot;fadeInUp&quot;,&quot;horizontal_scroll&quot;:&quot;disable&quot;}\" data-widget_type=\"nested-tabs.default\">\n\t\t\t\t<div class=\"elementor-widget-container\">\n\t\t\t\t\t\t\t<div class=\"e-n-tabs\" data-widget-number=\"208065737\" aria-label=\"Sekmeler. Enter ve Space ile \u00f6geleri a\u00e7abilir, Escape ile \u00f6geleri kapatabilir ve Y\u00f6n tu\u015flar\u0131 ile \u00f6geler aras\u0131nda gezinebilirsiniz.\" data-no-translation-aria-label=\"\">\n\t\t\t<div class=\"e-n-tabs-heading\" role=\"tablist\">\n\t\t\t\t\t<button id=\"e-n-tab-title-2080657371\" class=\"e-n-tab-title\" aria-selected=\"true\" data-tab-index=\"1\" role=\"tab\" tabindex=\"0\" aria-controls=\"e-n-tab-content-2080657371\" style=\"--n-tabs-title-order: 1;\">\n\t\t\t\t\t\t<span class=\"e-n-tab-title-text\">\n\t\t\t\tWymagania dotycz\u0105ce aparatury\t\t\t<\/span>\n\t\t<\/button>\n\t\t\t\t<button id=\"e-n-tab-title-2080657372\" class=\"e-n-tab-title\" aria-selected=\"false\" data-tab-index=\"2\" role=\"tab\" tabindex=\"-1\" aria-controls=\"e-n-tab-content-2080657372\" style=\"--n-tabs-title-order: 2;\">\n\t\t\t\t\t\t<span class=\"e-n-tab-title-text\">\n\t\t\t\tProcedura testowa\t\t\t<\/span>\n\t\t<\/button>\n\t\t\t\t<button id=\"e-n-tab-title-2080657373\" class=\"e-n-tab-title\" aria-selected=\"false\" data-tab-index=\"3\" role=\"tab\" tabindex=\"-1\" aria-controls=\"e-n-tab-content-2080657373\" style=\"--n-tabs-title-order: 3;\">\n\t\t\t\t\t\t<span class=\"e-n-tab-title-text\">\n\t\t\t\tWymagania dotycz\u0105ce raportowania i dokumentacji\t\t\t<\/span>\n\t\t<\/button>\n\t\t\t\t\t<\/div>\n\t\t\t<div class=\"e-n-tabs-content\">\n\t\t\t\t<div id=\"e-n-tab-content-2080657371\" role=\"tabpanel\" aria-labelledby=\"e-n-tab-title-2080657371\" data-tab-index=\"1\" style=\"--n-tabs-title-order: 1;\" class=\"e-active elementor-element elementor-element-661f178 e-con-full e-flex e-con e-child\" data-id=\"661f178\" data-element_type=\"container\">\n\t\t\t\t<div class=\"elementor-element elementor-element-45c637c elementor-widget elementor-widget-text-editor\" data-id=\"45c637c\" data-element_type=\"widget\" data-widget_type=\"text-editor.default\">\n\t\t\t\t<div class=\"elementor-widget-container\">\n\t\t\t\t\t\t\t\t\t<p>Do skutecznego przeprowadzenia testu niezb\u0119dny jest nast\u0119puj\u0105cy sprz\u0119t:<\/p><ul><li><strong>Urz\u0105dzenie do mocowania rurek:<\/strong> Aby sztywno przytrzyma\u0107 jeden koniec rurki.<\/li><li><strong>Urz\u0105dzenie do wymuszania aplikacji:<\/strong> Mo\u017cliwo\u015b\u0107 gi\u0119cia rur do 25\u00b0 w zale\u017cno\u015bci od grubo\u015bci \u015bcianki.<\/li><\/ul>\t\t\t\t\t\t\t\t<\/div>\n\t\t\t\t<\/div>\n\t\t\t\t<\/div>\n\t\t<div id=\"e-n-tab-content-2080657372\" role=\"tabpanel\" aria-labelledby=\"e-n-tab-title-2080657372\" data-tab-index=\"2\" style=\"--n-tabs-title-order: 2;\" class=\"elementor-element elementor-element-8d83155 e-con-full e-flex e-con e-child\" data-id=\"8d83155\" data-element_type=\"container\">\n\t\t\t\t<div class=\"elementor-element elementor-element-1bab19a elementor-widget elementor-widget-text-editor\" data-id=\"1bab19a\" data-element_type=\"widget\" data-widget_type=\"text-editor.default\">\n\t\t\t\t<div class=\"elementor-widget-container\">\n\t\t\t\t\t\t\t\t\t<ol><li><strong>Zabezpiecz rurk\u0119:<\/strong> Jeden koniec rurki ig\u0142y jest sztywno przymocowany do wspornika.<\/li><li><strong>Zastosuj si\u0142\u0119 zginaj\u0105c\u0105:<\/strong> W okre\u015blonej odleg\u0142o\u015bci od punktu sta\u0142ego wygnij rurk\u0119 w jednym kierunku pod okre\u015blonym k\u0105tem:<ul><li><em>(25 \u00b11)\u00b0<\/em> dla regularnych \u015bcianek<\/li><li><em>(20 \u00b11)\u00b0<\/em> dla cienko\u015bciennych<\/li><li><em>(15 \u00b11)\u00b0<\/em> dla bardzo cienkich i ultracienkich rurek<\/li><\/ul><\/li><li><strong>Odwr\u00f3\u0107 Moc:<\/strong> Wygnij rurk\u0119 w przeciwnym kierunku pod tym samym k\u0105tem.<\/li><li><strong>Powt\u00f3rz cykl:<\/strong> Post\u0119powanie <strong>20 pe\u0142nych cykli<\/strong> odwr\u00f3cenia w tempie <strong>0,5 Hz<\/strong>.<\/li><li><strong>Kontrola wzrokowa:<\/strong> Po zako\u0144czeniu cyklu nale\u017cy sprawdzi\u0107 przewody pod k\u0105tem widocznych \u015blad\u00f3w <strong>p\u0119kni\u0119cie<\/strong> lub p\u0119kanie.<\/li><\/ol>\t\t\t\t\t\t\t\t<\/div>\n\t\t\t\t<\/div>\n\t\t\t\t<\/div>\n\t\t<div id=\"e-n-tab-content-2080657373\" role=\"tabpanel\" aria-labelledby=\"e-n-tab-title-2080657373\" data-tab-index=\"3\" style=\"--n-tabs-title-order: 3;\" class=\"elementor-element elementor-element-bc03100 e-flex e-con-boxed e-con e-child\" data-id=\"bc03100\" data-element_type=\"container\">\n\t\t\t\t\t<div class=\"e-con-inner\">\n\t\t\t\t<div class=\"elementor-element elementor-element-5d48674 elementor-widget elementor-widget-text-editor\" data-id=\"5d48674\" data-element_type=\"widget\" data-widget_type=\"text-editor.default\">\n\t\t\t\t<div class=\"elementor-widget-container\">\n\t\t\t\t\t\t\t\t\t<p>Kompletny raport z testu musi zawiera\u0107:<\/p><ul><li><strong>Rozmiar i identyfikacja rurki<\/strong><\/li><li><strong>Klasyfikacja typu \u015bciany<\/strong> (zwyk\u0142y, cienki, bardzo cienki, ultra cienki)<\/li><li><strong>Wyniki wizualne<\/strong> uszkodze\u0144<\/li><li><strong>Data testu<\/strong><\/li><li><strong>Typ stopu stali nierdzewnej<\/strong> zgodnie z klauzul\u0105 4 normy ISO 9626<\/li><\/ul><p>Dok\u0142adna dokumentacja zapewnia identyfikowalno\u015b\u0107 i u\u0142atwia audyty lub procesy certyfikacji, kt\u00f3re s\u0105 niezb\u0119dne dla firm d\u0105\u017c\u0105cych do eksportu lub spe\u0142nienia rygorystycznych norm regulacyjnych.<\/p>\t\t\t\t\t\t\t\t<\/div>\n\t\t\t\t<\/div>\n\t\t\t\t\t<\/div>\n\t\t\t\t<\/div>\n\t\t\t\t\t<\/div>\n\t\t<\/div>\n\t\t\t\t\t\t<\/div>\n\t\t\t\t<\/div>\n\t\t\t\t\t<\/div>\n\t\t\t\t<\/div>\n\t\t<div class=\"elementor-element elementor-element-1b581cc e-con-full e-flex e-con e-parent\" data-id=\"1b581cc\" data-element_type=\"container\" data-settings=\"{&quot;background_background&quot;:&quot;classic&quot;}\">\n\t\t<div class=\"elementor-element elementor-element-61afd37 e-grid e-con-full e-con e-child\" data-id=\"61afd37\" data-element_type=\"container\">\n\t\t<div class=\"elementor-element elementor-element-f8ace73 e-con-full e-flex elementor-invisible e-con e-child\" data-id=\"f8ace73\" data-element_type=\"container\" data-settings=\"{&quot;background_background&quot;:&quot;classic&quot;,&quot;animation&quot;:&quot;fadeInLeft&quot;}\">\n\t\t\t\t<\/div>\n\t\t<div class=\"elementor-element elementor-element-94cc5ad e-flex e-con-boxed elementor-invisible e-con e-child\" data-id=\"94cc5ad\" data-element_type=\"container\" data-settings=\"{&quot;animation&quot;:&quot;fadeInRight&quot;}\">\n\t\t\t\t\t<div class=\"e-con-inner\">\n\t\t\t\t<div class=\"elementor-element elementor-element-907b713 elementor-widget elementor-widget-heading\" data-id=\"907b713\" data-element_type=\"widget\" data-widget_type=\"heading.default\">\n\t\t\t\t<div class=\"elementor-widget-container\">\n\t\t\t\t\t<h2 class=\"elementor-heading-title elementor-size-default\">Dlaczego warto wybra\u0107 <b>Syringetest.com?<\/b><\/h2>\t\t\t\t<\/div>\n\t\t\t\t<\/div>\n\t\t\t\t<div class=\"elementor-element elementor-element-718f32f elementor-widget elementor-widget-text-editor\" data-id=\"718f32f\" data-element_type=\"widget\" data-widget_type=\"text-editor.default\">\n\t\t\t\t<div class=\"elementor-widget-container\">\n\t\t\t\t\t\t\t\t\t<p>Przy <strong>Syringetest.com<\/strong>Specjalizujemy si\u0119 w projektowaniu urz\u0105dze\u0144 o wysokiej precyzji, <strong>zautomatyzowane systemy testowania<\/strong> kt\u00f3re s\u0105 zgodne z normami ISO, w tym <strong>ISO 9626 Za\u0142\u0105cznik C<\/strong>. Nasz sprz\u0119t jest szeroko stosowany w kontroli jako\u015bci urz\u0105dze\u0144 medycznych, zapewniaj\u0105c sp\u00f3jne wyniki test\u00f3w przy minimalnym b\u0142\u0119dzie ludzkim. Ponadto oferujemy <strong>Konfigurowalne rozwi\u0105zania<\/strong> dla unikalnych wymiar\u00f3w rur lub typ\u00f3w \u015bcianek i zapewniaj\u0105 <strong>us\u0142ugi transformacji automatyzacji<\/strong> aby p\u0142ynnie zintegrowa\u0107 ten test z liniami produkcyjnymi.<\/p><p>Niezale\u017cnie od tego, czy dzia\u0142asz w sektorze farmaceutycznym, urz\u0105dze\u0144 medycznych czy kontroli jako\u015bci, nasze przyrz\u0105dy pomagaj\u0105 zachowa\u0107 zgodno\u015b\u0107 z przepisami przy jednoczesnej poprawie wydajno\u015bci operacyjnej.<\/p>\t\t\t\t\t\t\t\t<\/div>\n\t\t\t\t<\/div>\n\t\t\t\t<div class=\"elementor-element elementor-element-f735b94 elementor-widget elementor-widget-eael-creative-button\" data-id=\"f735b94\" data-element_type=\"widget\" data-widget_type=\"eael-creative-button.default\">\n\t\t\t\t<div class=\"elementor-widget-container\">\n\t\t\t\t\t        <div class=\"eael-creative-button-wrapper\">\n\n            <a class=\"eael-creative-button eael-creative-button--default\" href=\"#\" data-text=\"Contact Us\">\n\n\t    \n                <div class=\"creative-button-inner\">\n\n                    \n                    <span class=\"cretive-button-text\">Kontakt<\/span>\n\n                                    <\/div>\n\t                        <\/a>\n        <\/div>\n        \t\t\t\t<\/div>\n\t\t\t\t<\/div>\n\t\t\t\t\t<\/div>\n\t\t\t\t<\/div>\n\t\t\t\t<\/div>\n\t\t\t\t<\/div>\n\t\t\t\t<\/div>","protected":false},"excerpt":{"rendered":"<p>Needle Tubing Breakage Resistance Test Understanding needle tubing breakage resistance is crucial for maintaining the safety and quality of medical devices, especially syringes and infusion needles. This test ensures that the tubing can endure bending stress during manufacturing and clinical use without failure. For professionals working in quality control, especially in pharmaceutical and medical device [&hellip;]<\/p>","protected":false},"author":2,"featured_media":0,"parent":0,"menu_order":0,"comment_status":"closed","ping_status":"closed","template":"elementor_header_footer","meta":{"footnotes":""},"class_list":["post-311","page","type-page","status-publish","hentry"],"yoast_head":"<!-- This site is optimized with the Yoast SEO plugin v25.0 - https:\/\/yoast.com\/wordpress\/plugins\/seo\/ -->\n<title>Needle Tubing Breakage Resistance Test - ISO 9626 Annex C<\/title>\n<meta name=\"description\" content=\"Conduct syringe needle tubing breakage resistance tests in compliance with ISO 9626 and Annex C. Ensure safety and reliability in syringes.\" \/>\n<meta name=\"robots\" content=\"index, follow, max-snippet:-1, max-image-preview:large, max-video-preview:-1\" \/>\n<link rel=\"canonical\" href=\"https:\/\/www.syringetest.com\/pl\/needle-tubing-breakage-resistance-test\/\" \/>\n<meta property=\"og:locale\" content=\"pl_PL\" \/>\n<meta property=\"og:type\" content=\"article\" \/>\n<meta property=\"og:title\" content=\"Needle Tubing Breakage Resistance Test - ISO 9626 Annex C\" \/>\n<meta property=\"og:description\" content=\"Conduct syringe needle tubing breakage resistance tests in compliance with ISO 9626 and Annex C. Ensure safety and reliability in syringes.\" \/>\n<meta property=\"og:url\" content=\"https:\/\/www.syringetest.com\/pl\/needle-tubing-breakage-resistance-test\/\" \/>\n<meta property=\"og:site_name\" content=\"Syringe and Needle Testing\" \/>\n<meta property=\"article:modified_time\" content=\"2025-05-06T08:08:46+00:00\" \/>\n<meta name=\"twitter:card\" content=\"summary_large_image\" \/>\n<meta name=\"twitter:label1\" content=\"Szacowany czas czytania\" \/>\n\t<meta name=\"twitter:data1\" content=\"4 minuty\" \/>\n<script type=\"application\/ld+json\" class=\"yoast-schema-graph\">{\"@context\":\"https:\/\/schema.org\",\"@graph\":[{\"@type\":\"WebPage\",\"@id\":\"https:\/\/www.syringetest.com\/needle-tubing-breakage-resistance-test\",\"url\":\"https:\/\/www.syringetest.com\/needle-tubing-breakage-resistance-test\",\"name\":\"Needle Tubing Breakage Resistance Test - ISO 9626 Annex C\",\"isPartOf\":{\"@id\":\"https:\/\/www.syringetest.com\/#website\"},\"datePublished\":\"2025-05-06T07:41:30+00:00\",\"dateModified\":\"2025-05-06T08:08:46+00:00\",\"description\":\"Conduct syringe needle tubing breakage resistance tests in compliance with ISO 9626 and Annex C. Ensure safety and reliability in syringes.\",\"breadcrumb\":{\"@id\":\"https:\/\/www.syringetest.com\/needle-tubing-breakage-resistance-test#breadcrumb\"},\"inLanguage\":\"pl-PL\",\"potentialAction\":[{\"@type\":\"ReadAction\",\"target\":[\"https:\/\/www.syringetest.com\/needle-tubing-breakage-resistance-test\"]}]},{\"@type\":\"BreadcrumbList\",\"@id\":\"https:\/\/www.syringetest.com\/needle-tubing-breakage-resistance-test#breadcrumb\",\"itemListElement\":[{\"@type\":\"ListItem\",\"position\":1,\"name\":\"Home\",\"item\":\"https:\/\/www.syringetest.com\/\"},{\"@type\":\"ListItem\",\"position\":2,\"name\":\"Needle Tubing Breakage Resistance Test\"}]},{\"@type\":\"WebSite\",\"@id\":\"https:\/\/www.syringetest.com\/#website\",\"url\":\"https:\/\/www.syringetest.com\/\",\"name\":\"Syringe and Needle Testing\",\"description\":\"Syringe and Needle Test Solutions\",\"publisher\":{\"@id\":\"https:\/\/www.syringetest.com\/#organization\"},\"potentialAction\":[{\"@type\":\"SearchAction\",\"target\":{\"@type\":\"EntryPoint\",\"urlTemplate\":\"https:\/\/www.syringetest.com\/?s={search_term_string}\"},\"query-input\":{\"@type\":\"PropertyValueSpecification\",\"valueRequired\":true,\"valueName\":\"search_term_string\"}}],\"inLanguage\":\"pl-PL\"},{\"@type\":\"Organization\",\"@id\":\"https:\/\/www.syringetest.com\/#organization\",\"name\":\"Syringe and Needle Testing\",\"url\":\"https:\/\/www.syringetest.com\/\",\"logo\":{\"@type\":\"ImageObject\",\"inLanguage\":\"pl-PL\",\"@id\":\"https:\/\/www.syringetest.com\/#\/schema\/logo\/image\/\",\"url\":\"https:\/\/www.syringetest.com\/wp-content\/uploads\/2025\/04\/syringetest.webp\",\"contentUrl\":\"https:\/\/www.syringetest.com\/wp-content\/uploads\/2025\/04\/syringetest.webp\",\"width\":512,\"height\":512,\"caption\":\"Syringe and Needle Testing\"},\"image\":{\"@id\":\"https:\/\/www.syringetest.com\/#\/schema\/logo\/image\/\"}}]}<\/script>\n<!-- \/ Yoast SEO plugin. -->","yoast_head_json":{"title":"Needle Tubing Breakage Resistance Test - ISO 9626 Annex C","description":"Conduct syringe needle tubing breakage resistance tests in compliance with ISO 9626 and Annex C. Ensure safety and reliability in syringes.","robots":{"index":"index","follow":"follow","max-snippet":"max-snippet:-1","max-image-preview":"max-image-preview:large","max-video-preview":"max-video-preview:-1"},"canonical":"https:\/\/www.syringetest.com\/pl\/needle-tubing-breakage-resistance-test\/","og_locale":"pl_PL","og_type":"article","og_title":"Needle Tubing Breakage Resistance Test - ISO 9626 Annex C","og_description":"Conduct syringe needle tubing breakage resistance tests in compliance with ISO 9626 and Annex C. Ensure safety and reliability in syringes.","og_url":"https:\/\/www.syringetest.com\/pl\/needle-tubing-breakage-resistance-test\/","og_site_name":"Syringe and Needle Testing","article_modified_time":"2025-05-06T08:08:46+00:00","twitter_card":"summary_large_image","twitter_misc":{"Szacowany czas czytania":"4 minuty"},"schema":{"@context":"https:\/\/schema.org","@graph":[{"@type":"WebPage","@id":"https:\/\/www.syringetest.com\/needle-tubing-breakage-resistance-test","url":"https:\/\/www.syringetest.com\/needle-tubing-breakage-resistance-test","name":"Needle Tubing Breakage Resistance Test - ISO 9626 Annex C","isPartOf":{"@id":"https:\/\/www.syringetest.com\/#website"},"datePublished":"2025-05-06T07:41:30+00:00","dateModified":"2025-05-06T08:08:46+00:00","description":"Conduct syringe needle tubing breakage resistance tests in compliance with ISO 9626 and Annex C. Ensure safety and reliability in syringes.","breadcrumb":{"@id":"https:\/\/www.syringetest.com\/needle-tubing-breakage-resistance-test#breadcrumb"},"inLanguage":"pl-PL","potentialAction":[{"@type":"ReadAction","target":["https:\/\/www.syringetest.com\/needle-tubing-breakage-resistance-test"]}]},{"@type":"BreadcrumbList","@id":"https:\/\/www.syringetest.com\/needle-tubing-breakage-resistance-test#breadcrumb","itemListElement":[{"@type":"ListItem","position":1,"name":"Home","item":"https:\/\/www.syringetest.com\/"},{"@type":"ListItem","position":2,"name":"Needle Tubing Breakage Resistance Test"}]},{"@type":"WebSite","@id":"https:\/\/www.syringetest.com\/#website","url":"https:\/\/www.syringetest.com\/","name":"Syringe and Needle Testing","description":"Syringe and Needle Test Solutions","publisher":{"@id":"https:\/\/www.syringetest.com\/#organization"},"potentialAction":[{"@type":"SearchAction","target":{"@type":"EntryPoint","urlTemplate":"https:\/\/www.syringetest.com\/?s={search_term_string}"},"query-input":{"@type":"PropertyValueSpecification","valueRequired":true,"valueName":"search_term_string"}}],"inLanguage":"pl-PL"},{"@type":"Organization","@id":"https:\/\/www.syringetest.com\/#organization","name":"Syringe and Needle Testing","url":"https:\/\/www.syringetest.com\/","logo":{"@type":"ImageObject","inLanguage":"pl-PL","@id":"https:\/\/www.syringetest.com\/#\/schema\/logo\/image\/","url":"https:\/\/www.syringetest.com\/wp-content\/uploads\/2025\/04\/syringetest.webp","contentUrl":"https:\/\/www.syringetest.com\/wp-content\/uploads\/2025\/04\/syringetest.webp","width":512,"height":512,"caption":"Syringe and Needle Testing"},"image":{"@id":"https:\/\/www.syringetest.com\/#\/schema\/logo\/image\/"}}]}},"_links":{"self":[{"href":"https:\/\/www.syringetest.com\/pl\/wp-json\/wp\/v2\/pages\/311","targetHints":{"allow":["GET"]}}],"collection":[{"href":"https:\/\/www.syringetest.com\/pl\/wp-json\/wp\/v2\/pages"}],"about":[{"href":"https:\/\/www.syringetest.com\/pl\/wp-json\/wp\/v2\/types\/page"}],"author":[{"embeddable":true,"href":"https:\/\/www.syringetest.com\/pl\/wp-json\/wp\/v2\/users\/2"}],"replies":[{"embeddable":true,"href":"https:\/\/www.syringetest.com\/pl\/wp-json\/wp\/v2\/comments?post=311"}],"version-history":[{"count":4,"href":"https:\/\/www.syringetest.com\/pl\/wp-json\/wp\/v2\/pages\/311\/revisions"}],"predecessor-version":[{"id":315,"href":"https:\/\/www.syringetest.com\/pl\/wp-json\/wp\/v2\/pages\/311\/revisions\/315"}],"wp:attachment":[{"href":"https:\/\/www.syringetest.com\/pl\/wp-json\/wp\/v2\/media?parent=311"}],"curies":[{"name":"wp","href":"https:\/\/api.w.org\/{rel}","templated":true}]}}