{"id":311,"date":"2025-05-06T07:41:30","date_gmt":"2025-05-06T07:41:30","guid":{"rendered":"https:\/\/www.syringetest.com\/?page_id=311"},"modified":"2025-05-06T08:08:46","modified_gmt":"2025-05-06T08:08:46","slug":"needle-tubing-breakage-resistance-test","status":"publish","type":"page","link":"https:\/\/www.syringetest.com\/lv\/needle-tubing-breakage-resistance-test","title":{"rendered":"Adatu cauru\u013cu iztur\u012bbas pret p\u0101rr\u0101vumu tests"},"content":{"rendered":"<div data-elementor-type=\"wp-page\" data-elementor-id=\"311\" class=\"elementor elementor-311\" data-elementor-post-type=\"page\">\n\t\t\t\t<div class=\"elementor-element elementor-element-292be0b e-flex e-con-boxed e-con e-parent\" data-id=\"292be0b\" data-element_type=\"container\" data-settings=\"{&quot;background_background&quot;:&quot;classic&quot;}\">\n\t\t\t\t\t<div class=\"e-con-inner\">\n\t\t\t\t<div class=\"elementor-element elementor-element-0f48abd elementor-invisible elementor-widget elementor-widget-heading\" data-id=\"0f48abd\" data-element_type=\"widget\" data-settings=\"{&quot;_animation&quot;:&quot;fadeInUp&quot;}\" data-widget_type=\"heading.default\">\n\t\t\t\t<div class=\"elementor-widget-container\">\n\t\t\t\t\t<h2 class=\"elementor-heading-title elementor-size-default\">Adatu cauru\u013cu iztur\u012bbas pret p\u0101rr\u0101vumu tests<\/h2>\t\t\t\t<\/div>\n\t\t\t\t<\/div>\n\t\t\t\t<div class=\"elementor-element elementor-element-6817f29 elementor-widget__width-initial elementor-invisible elementor-widget elementor-widget-text-editor\" data-id=\"6817f29\" data-element_type=\"widget\" data-settings=\"{&quot;_animation&quot;:&quot;fadeInUp&quot;}\" data-widget_type=\"text-editor.default\">\n\t\t\t\t<div class=\"elementor-widget-container\">\n\t\t\t\t\t\t\t\t\t<p>Izpratne par <strong>adatu cauru\u013cu iztur\u012bba pret l\u016bzumiem<\/strong> ir \u013coti svar\u012bgi, lai nodro\u0161in\u0101tu medic\u012bnisko ier\u012b\u010du, jo \u012bpa\u0161i \u0161\u013cir\u010du un inf\u016bzijas adatu, dro\u0161\u012bbu un kvalit\u0101ti. \u0160is tests nodro\u0161ina, ka caurul\u012btes var iztur\u0113t lieces slodzi ra\u017eo\u0161anas un kl\u012bnisk\u0101s lieto\u0161anas laik\u0101 bez boj\u0101jumiem. Profesion\u0101\u013ciem, kas str\u0101d\u0101 kvalit\u0101tes kontroles jom\u0101, jo \u012bpa\u0161i farm\u0101cijas un medic\u012bnas ier\u012b\u010du nozar\u0113, \u0161\u012b testa apguve ir svar\u012bga ne tikai atbilst\u012bbas nodro\u0161in\u0101\u0161anai, bet ar\u012b pacientu dro\u0161\u012bbai.<\/p>\t\t\t\t\t\t\t\t<\/div>\n\t\t\t\t<\/div>\n\t\t\t\t\t<\/div>\n\t\t\t\t<\/div>\n\t\t<div class=\"elementor-element elementor-element-05adfe7 e-flex e-con-boxed e-con e-parent\" data-id=\"05adfe7\" data-element_type=\"container\" data-settings=\"{&quot;background_background&quot;:&quot;classic&quot;}\">\n\t\t\t\t\t<div class=\"e-con-inner\">\n\t\t\t\t<div class=\"elementor-element elementor-element-ecf369e elementor-widget__width-inherit elementor-invisible elementor-widget elementor-widget-heading\" data-id=\"ecf369e\" data-element_type=\"widget\" data-settings=\"{&quot;_animation&quot;:&quot;fadeInUp&quot;}\" data-widget_type=\"heading.default\">\n\t\t\t\t<div class=\"elementor-widget-container\">\n\t\t\t\t\t<h2 class=\"elementor-heading-title elementor-size-default\">Adatu cauru\u013cu iztur\u012bbas pret l\u016bzumiem noz\u012bme<\/h2>\t\t\t\t<\/div>\n\t\t\t\t<\/div>\n\t\t\t\t<div class=\"elementor-element elementor-element-f390758 elementor-invisible elementor-widget elementor-widget-text-editor\" data-id=\"f390758\" data-element_type=\"widget\" data-settings=\"{&quot;_animation&quot;:&quot;fadeInUp&quot;}\" data-widget_type=\"text-editor.default\">\n\t\t\t\t<div class=\"elementor-widget-container\">\n\t\t\t\t\t\t\t\t\t<p>Adatu caurul\u012bt\u0113m j\u0101b\u016bt elast\u012bg\u0101m, \u012bpa\u0161i atk\u0101rtotas lieto\u0161anas, loc\u012b\u0161anas un ievieto\u0161anas laik\u0101 m\u012bkstos vai cietos audos. Ja caurul\u012bte l\u016bz\u012bs, tas var nopietni kait\u0113t pacientam un rad\u012bt juridiskus un reglament\u0113jo\u0161us riskus ra\u017eot\u0101jam. T\u0101p\u0113c <strong>adatu cauru\u013cu iztur\u012bba pret l\u016bzumiem<\/strong> tests ir \u013coti svar\u012bgs - tas imit\u0113 re\u0101lo meh\u0101nisko slodzi un nov\u0113rt\u0113, vai caurules saglab\u0101 savu struktur\u0101lo integrit\u0101ti p\u0113c ciklisk\u0101s lieces.<\/p><p><strong>Syringetest.com<\/strong> atbalsta \u0161o b\u016btisko nepiecie\u0161am\u012bbu, nodro\u0161inot prec\u012bzas un atk\u0101rtojamas test\u0113\u0161anas sist\u0113mas, kas pal\u012bdz medic\u012bnas ier\u012b\u010du ra\u017eot\u0101jiem efekt\u012bvi izpild\u012bt starptautiskos standartus.<\/p>\t\t\t\t\t\t\t\t<\/div>\n\t\t\t\t<\/div>\n\t\t\t\t\t<\/div>\n\t\t\t\t<\/div>\n\t\t<div class=\"elementor-element elementor-element-2b52750 e-flex e-con-boxed e-con e-parent\" data-id=\"2b52750\" data-element_type=\"container\" data-settings=\"{&quot;background_background&quot;:&quot;classic&quot;}\">\n\t\t\t\t\t<div class=\"e-con-inner\">\n\t\t\t\t<div class=\"elementor-element elementor-element-040e55f elementor-invisible elementor-widget elementor-widget-heading\" data-id=\"040e55f\" data-element_type=\"widget\" data-settings=\"{&quot;_animation&quot;:&quot;fadeInUp&quot;}\" data-widget_type=\"heading.default\">\n\t\t\t\t<div class=\"elementor-widget-container\">\n\t\t\t\t\t<h2 class=\"elementor-heading-title elementor-size-default\">ISO 9626 un ISO 9626 C pielikuma izpratne<\/h2>\t\t\t\t<\/div>\n\t\t\t\t<\/div>\n\t\t\t\t<div class=\"elementor-element elementor-element-ae97939 elementor-invisible elementor-widget elementor-widget-text-editor\" data-id=\"ae97939\" data-element_type=\"widget\" data-settings=\"{&quot;_animation&quot;:&quot;fadeInUp&quot;}\" data-widget_type=\"text-editor.default\">\n\t\t\t\t<div class=\"elementor-widget-container\">\n\t\t\t\t\t\t\t\t\t<p><a href=\"https:\/\/www.syringetest.com\/lv\/standards\/iso-9626\/\">ISO 9626<\/a> ir starptautiskais standarts, kas nosaka medic\u012bnisko ier\u012b\u010du ra\u017eo\u0161an\u0101 izmantoto ner\u016bs\u0113jo\u0161\u0101 t\u0113rauda adatu caurul\u012b\u0161u meh\u0101nisk\u0101s \u012bpa\u0161\u012bbas. <strong>ISO 9626 C pielikums<\/strong> ieskic\u0113 <strong>normat\u012bv\u0101 metode<\/strong> lai p\u0101rbaud\u012btu caurules iztur\u012bbu pret sal\u016b\u0161anu atk\u0101rtotas lieces slodzes apst\u0101k\u013cos.<\/p><p>Saska\u0146\u0101 ar <strong>C pielikums<\/strong>, caurules cikliski j\u0101noliec, lai imit\u0113tu meh\u0101nisko nogurumu, un p\u0113c tam vizu\u0101li j\u0101p\u0101rbauda, vai nav l\u016bzumu paz\u012bmju. Rezult\u0101t\u0101 nosaka, vai caurul\u012btes atbilst minim\u0101laj\u0101m veiktsp\u0113jas pras\u012bb\u0101m, kas nepiecie\u0161amas dro\u0161ai lieto\u0161anai medic\u012bn\u0101.<\/p>\t\t\t\t\t\t\t\t<\/div>\n\t\t\t\t<\/div>\n\t\t\t\t\t<\/div>\n\t\t\t\t<\/div>\n\t\t<div class=\"elementor-element elementor-element-3f79c0a e-flex e-con-boxed e-con e-parent\" data-id=\"3f79c0a\" data-element_type=\"container\" data-settings=\"{&quot;background_background&quot;:&quot;classic&quot;}\">\n\t\t\t\t\t<div class=\"e-con-inner\">\n\t\t\t\t<div class=\"elementor-element elementor-element-ec7f91b elementor-invisible elementor-widget elementor-widget-heading\" data-id=\"ec7f91b\" data-element_type=\"widget\" data-settings=\"{&quot;_animation&quot;:&quot;fadeInUp&quot;}\" data-widget_type=\"heading.default\">\n\t\t\t\t<div class=\"elementor-widget-container\">\n\t\t\t\t\t<h2 class=\"elementor-heading-title elementor-size-default\">Testa metode adatu cauru\u013cu iztur\u012bbas pret p\u0101rr\u0101vumu noteik\u0161anai<\/h2>\t\t\t\t<\/div>\n\t\t\t\t<\/div>\n\t\t\t\t<div class=\"elementor-element elementor-element-64203b6 elementor-invisible elementor-widget elementor-widget-text-editor\" data-id=\"64203b6\" data-element_type=\"widget\" data-settings=\"{&quot;_animation&quot;:&quot;fadeInUp&quot;}\" data-widget_type=\"text-editor.default\">\n\t\t\t\t<div class=\"elementor-widget-container\">\n\t\t\t\t\t\t\t\t\t<p>Iztur\u012bbas pret sal\u016b\u0161anu tests ietver prec\u012bzas proced\u016bras, kas nodro\u0161ina atk\u0101rtojam\u012bbu un atbilst\u012bbu. \u0160eit ir sniegts metodes sadal\u012bjums, k\u0101 nor\u0101d\u012bts dokument\u0101 <strong>ISO 9626 C pielikums<\/strong>:<\/p>\t\t\t\t\t\t\t\t<\/div>\n\t\t\t\t<\/div>\n\t\t\t\t<div class=\"elementor-element elementor-element-c66d4c9 e-n-tabs-mobile elementor-invisible elementor-widget elementor-widget-n-tabs\" data-id=\"c66d4c9\" data-element_type=\"widget\" data-settings=\"{&quot;tabs_justify_horizontal&quot;:&quot;center&quot;,&quot;_animation&quot;:&quot;fadeInUp&quot;,&quot;horizontal_scroll&quot;:&quot;disable&quot;}\" data-widget_type=\"nested-tabs.default\">\n\t\t\t\t<div class=\"elementor-widget-container\">\n\t\t\t\t\t\t\t<div class=\"e-n-tabs\" data-widget-number=\"208065737\" aria-label=\"Sekmeler. Enter ve Space ile \u00f6geleri a\u00e7abilir, Escape ile \u00f6geleri kapatabilir ve Y\u00f6n tu\u015flar\u0131 ile \u00f6geler aras\u0131nda gezinebilirsiniz.\" data-no-translation-aria-label=\"\">\n\t\t\t<div class=\"e-n-tabs-heading\" role=\"tablist\">\n\t\t\t\t\t<button id=\"e-n-tab-title-2080657371\" class=\"e-n-tab-title\" aria-selected=\"true\" data-tab-index=\"1\" role=\"tab\" tabindex=\"0\" aria-controls=\"e-n-tab-content-2080657371\" style=\"--n-tabs-title-order: 1;\">\n\t\t\t\t\t\t<span class=\"e-n-tab-title-text\">\n\t\t\t\tPras\u012bbas apar\u0101tiem\t\t\t<\/span>\n\t\t<\/button>\n\t\t\t\t<button id=\"e-n-tab-title-2080657372\" class=\"e-n-tab-title\" aria-selected=\"false\" data-tab-index=\"2\" role=\"tab\" tabindex=\"-1\" aria-controls=\"e-n-tab-content-2080657372\" style=\"--n-tabs-title-order: 2;\">\n\t\t\t\t\t\t<span class=\"e-n-tab-title-text\">\n\t\t\t\tTesta proced\u016bra\t\t\t<\/span>\n\t\t<\/button>\n\t\t\t\t<button id=\"e-n-tab-title-2080657373\" class=\"e-n-tab-title\" aria-selected=\"false\" data-tab-index=\"3\" role=\"tab\" tabindex=\"-1\" aria-controls=\"e-n-tab-content-2080657373\" style=\"--n-tabs-title-order: 3;\">\n\t\t\t\t\t\t<span class=\"e-n-tab-title-text\">\n\t\t\t\tZi\u0146o\u0161anas un dokument\u0101cijas pras\u012bbas\t\t\t<\/span>\n\t\t<\/button>\n\t\t\t\t\t<\/div>\n\t\t\t<div class=\"e-n-tabs-content\">\n\t\t\t\t<div id=\"e-n-tab-content-2080657371\" role=\"tabpanel\" aria-labelledby=\"e-n-tab-title-2080657371\" data-tab-index=\"1\" style=\"--n-tabs-title-order: 1;\" class=\"e-active elementor-element elementor-element-661f178 e-con-full e-flex e-con e-child\" data-id=\"661f178\" data-element_type=\"container\">\n\t\t\t\t<div class=\"elementor-element elementor-element-45c637c elementor-widget elementor-widget-text-editor\" data-id=\"45c637c\" data-element_type=\"widget\" data-widget_type=\"text-editor.default\">\n\t\t\t\t<div class=\"elementor-widget-container\">\n\t\t\t\t\t\t\t\t\t<p>Lai efekt\u012bvi veiktu testu, ir nepiecie\u0161ams \u0161\u0101ds apr\u012bkojums:<\/p><ul><li><strong>Cauru\u013cu fiks\u0101cijas ier\u012bce:<\/strong> Lai stingri notur\u0113tu vienu caurules galu.<\/li><li><strong>Sp\u0113ka lietojumprogrammas ier\u012bce:<\/strong> Atkar\u012bb\u0101 no sieni\u0146u biezuma caurules var saliekt l\u012bdz 25\u00b0 le\u0146\u0137\u012b.<\/li><\/ul>\t\t\t\t\t\t\t\t<\/div>\n\t\t\t\t<\/div>\n\t\t\t\t<\/div>\n\t\t<div id=\"e-n-tab-content-2080657372\" role=\"tabpanel\" aria-labelledby=\"e-n-tab-title-2080657372\" data-tab-index=\"2\" style=\"--n-tabs-title-order: 2;\" class=\"elementor-element elementor-element-8d83155 e-con-full e-flex e-con e-child\" data-id=\"8d83155\" data-element_type=\"container\">\n\t\t\t\t<div class=\"elementor-element elementor-element-1bab19a elementor-widget elementor-widget-text-editor\" data-id=\"1bab19a\" data-element_type=\"widget\" data-widget_type=\"text-editor.default\">\n\t\t\t\t<div class=\"elementor-widget-container\">\n\t\t\t\t\t\t\t\t\t<ol><li><strong>Nodro\u0161iniet caurules:<\/strong> Viens adatas caurules gals ir stingri piestiprin\u0101ts pie balsta.<\/li><li><strong>Pielietojiet lieces sp\u0113ku:<\/strong> Noteikt\u0101 att\u0101lum\u0101 no fiks\u0113t\u0101 punkta salieciet cauruli vien\u0101 virzien\u0101 noteikt\u0101 le\u0146\u0137\u012b:<ul><li><em>(25 \u00b11)\u00b0<\/em> regul\u0101r\u0101m sieni\u0146\u0101m<\/li><li><em>(20 \u00b11)\u00b0<\/em> pl\u0101nk\u0101rtu sieni\u0146u<\/li><li><em>(15 \u00b11)\u00b0<\/em> \u012bpa\u0161i pl\u0101n\u0101m un \u013coti pl\u0101n\u0101m caurul\u0113m.<\/li><\/ul><\/li><li><strong>Sp\u0113ka mai\u0146a:<\/strong> Salieciet cauruli pret\u0113j\u0101 virzien\u0101 t\u0101d\u0101 pa\u0161\u0101 le\u0146\u0137\u012b.<\/li><li><strong>Atk\u0101rtojiet ciklu:<\/strong> Veikt <strong>20 pilni cikli<\/strong> apgrie\u0161anas \u0101trums ir <strong>0,5 Hz<\/strong>.<\/li><li><strong>Vizu\u0101l\u0101 p\u0101rbaude:<\/strong> P\u0113c rite\u0146brauk\u0161anas p\u0101rbaudiet, vai uz caurules nav redzamu <strong>l\u016bzums<\/strong> vai plais\u0101\u0161ana.<\/li><\/ol>\t\t\t\t\t\t\t\t<\/div>\n\t\t\t\t<\/div>\n\t\t\t\t<\/div>\n\t\t<div id=\"e-n-tab-content-2080657373\" role=\"tabpanel\" aria-labelledby=\"e-n-tab-title-2080657373\" data-tab-index=\"3\" style=\"--n-tabs-title-order: 3;\" class=\"elementor-element elementor-element-bc03100 e-flex e-con-boxed e-con e-child\" data-id=\"bc03100\" data-element_type=\"container\">\n\t\t\t\t\t<div class=\"e-con-inner\">\n\t\t\t\t<div class=\"elementor-element elementor-element-5d48674 elementor-widget elementor-widget-text-editor\" data-id=\"5d48674\" data-element_type=\"widget\" data-widget_type=\"text-editor.default\">\n\t\t\t\t<div class=\"elementor-widget-container\">\n\t\t\t\t\t\t\t\t\t<p>Piln\u012bgam testa zi\u0146ojumam j\u0101ietver:<\/p><ul><li><strong>Cauru\u013cu izm\u0113rs un identifik\u0101cija<\/strong><\/li><li><strong>Sienu tipu klasifik\u0101cija<\/strong> (parastas, pl\u0101nas, \u012bpa\u0161i pl\u0101nas, \u012bpa\u0161i pl\u0101nas, \u012bpa\u0161i pl\u0101nas)<\/li><li><strong>Vizu\u0101lie rezult\u0101ti<\/strong> l\u016bzumu<\/li><li><strong>Test\u0113\u0161anas datums<\/strong><\/li><li><strong>Ner\u016bs\u0113jo\u0161\u0101 t\u0113rauda sakaus\u0113juma tips<\/strong> k\u0101 nor\u0101d\u012bts ISO 9626 4. punkt\u0101.<\/li><\/ul><p>Prec\u012bza dokument\u0101cija nodro\u0161ina izsekojam\u012bbu un atvieglo audita vai sertifik\u0101cijas procesus, kas ir b\u016btiski uz\u0146\u0113mumiem, kuri v\u0113las eksport\u0113t vai atbilst stingriem regulat\u012bvajiem standartiem.<\/p>\t\t\t\t\t\t\t\t<\/div>\n\t\t\t\t<\/div>\n\t\t\t\t\t<\/div>\n\t\t\t\t<\/div>\n\t\t\t\t\t<\/div>\n\t\t<\/div>\n\t\t\t\t\t\t<\/div>\n\t\t\t\t<\/div>\n\t\t\t\t\t<\/div>\n\t\t\t\t<\/div>\n\t\t<div class=\"elementor-element elementor-element-1b581cc e-con-full e-flex e-con e-parent\" data-id=\"1b581cc\" data-element_type=\"container\" data-settings=\"{&quot;background_background&quot;:&quot;classic&quot;}\">\n\t\t<div class=\"elementor-element elementor-element-61afd37 e-grid e-con-full e-con e-child\" data-id=\"61afd37\" data-element_type=\"container\">\n\t\t<div class=\"elementor-element elementor-element-f8ace73 e-con-full e-flex elementor-invisible e-con e-child\" data-id=\"f8ace73\" data-element_type=\"container\" data-settings=\"{&quot;background_background&quot;:&quot;classic&quot;,&quot;animation&quot;:&quot;fadeInLeft&quot;}\">\n\t\t\t\t<\/div>\n\t\t<div class=\"elementor-element elementor-element-94cc5ad e-flex e-con-boxed elementor-invisible e-con e-child\" data-id=\"94cc5ad\" data-element_type=\"container\" data-settings=\"{&quot;animation&quot;:&quot;fadeInRight&quot;}\">\n\t\t\t\t\t<div class=\"e-con-inner\">\n\t\t\t\t<div class=\"elementor-element elementor-element-907b713 elementor-widget elementor-widget-heading\" data-id=\"907b713\" data-element_type=\"widget\" data-widget_type=\"heading.default\">\n\t\t\t\t<div class=\"elementor-widget-container\">\n\t\t\t\t\t<h2 class=\"elementor-heading-title elementor-size-default\">K\u0101p\u0113c izv\u0113l\u0113ties <b>Syringetest.com?<\/b><\/h2>\t\t\t\t<\/div>\n\t\t\t\t<\/div>\n\t\t\t\t<div class=\"elementor-element elementor-element-718f32f elementor-widget elementor-widget-text-editor\" data-id=\"718f32f\" data-element_type=\"widget\" data-widget_type=\"text-editor.default\">\n\t\t\t\t<div class=\"elementor-widget-container\">\n\t\t\t\t\t\t\t\t\t<p>vietn\u0113 <strong>Syringetest.com<\/strong>, m\u0113s specializ\u0113jamies augstas precizit\u0101tes projekt\u0113\u0161an\u0101, <strong>automatiz\u0113tas test\u0113\u0161anas sist\u0113mas<\/strong> kas atbilst ISO standartiem, tostarp <strong>ISO 9626 C pielikums<\/strong>. M\u016bsu iek\u0101rtas tiek pla\u0161i izmantotas medic\u012bnas ier\u012b\u010du kvalit\u0101tes kontrol\u0113, nodro\u0161inot konsekventus testu rezult\u0101tus ar minim\u0101lu cilv\u0113ka k\u013c\u016bdu. Turkl\u0101t m\u0113s pied\u0101v\u0101jam <strong>piel\u0101gojami risin\u0101jumi<\/strong> unik\u0101liem cauru\u013cu izm\u0113riem vai sienu tipiem un nodro\u0161ina <strong>automatiz\u0101cijas transform\u0101cijas pakalpojumi<\/strong> bez probl\u0113m\u0101m integr\u0113t \u0161o testu ra\u017eo\u0161anas l\u012bnij\u0101s.<\/p><p>Neatkar\u012bgi no t\u0101, vai str\u0101d\u0101jat farm\u0101cijas, medic\u012bnas ier\u012b\u010du vai kvalit\u0101tes p\u0101rbau\u017eu nozar\u0113, m\u016bsu instrumenti pal\u012bdz\u0113s jums nodro\u0161in\u0101t atbilst\u012bbu, vienlaikus uzlabojot darb\u012bbas efektivit\u0101ti.<\/p>\t\t\t\t\t\t\t\t<\/div>\n\t\t\t\t<\/div>\n\t\t\t\t<div class=\"elementor-element elementor-element-f735b94 elementor-widget elementor-widget-eael-creative-button\" data-id=\"f735b94\" data-element_type=\"widget\" data-widget_type=\"eael-creative-button.default\">\n\t\t\t\t<div class=\"elementor-widget-container\">\n\t\t\t\t\t        <div class=\"eael-creative-button-wrapper\">\n\n            <a class=\"eael-creative-button eael-creative-button--default\" href=\"#\" data-text=\"Contact Us\">\n\n\t    \n                <div class=\"creative-button-inner\">\n\n                    \n                    <span class=\"cretive-button-text\">Sazinieties ar mums<\/span>\n\n                                    <\/div>\n\t                        <\/a>\n        <\/div>\n        \t\t\t\t<\/div>\n\t\t\t\t<\/div>\n\t\t\t\t\t<\/div>\n\t\t\t\t<\/div>\n\t\t\t\t<\/div>\n\t\t\t\t<\/div>\n\t\t\t\t<\/div>","protected":false},"excerpt":{"rendered":"<p>Needle Tubing Breakage Resistance Test Understanding needle tubing breakage resistance is crucial for maintaining the safety and quality of medical devices, especially syringes and infusion needles. This test ensures that the tubing can endure bending stress during manufacturing and clinical use without failure. For professionals working in quality control, especially in pharmaceutical and medical device [&hellip;]<\/p>","protected":false},"author":2,"featured_media":0,"parent":0,"menu_order":0,"comment_status":"closed","ping_status":"closed","template":"elementor_header_footer","meta":{"footnotes":""},"class_list":["post-311","page","type-page","status-publish","hentry"],"yoast_head":"<!-- This site is optimized with the Yoast SEO plugin v25.0 - https:\/\/yoast.com\/wordpress\/plugins\/seo\/ -->\n<title>Needle Tubing Breakage Resistance Test - ISO 9626 Annex C<\/title>\n<meta name=\"description\" content=\"Conduct syringe needle tubing breakage resistance tests in compliance with ISO 9626 and Annex C. Ensure safety and reliability in syringes.\" \/>\n<meta name=\"robots\" content=\"index, follow, max-snippet:-1, max-image-preview:large, max-video-preview:-1\" \/>\n<link rel=\"canonical\" href=\"https:\/\/www.syringetest.com\/lv\/needle-tubing-breakage-resistance-test\/\" \/>\n<meta property=\"og:locale\" content=\"lv_LV\" \/>\n<meta property=\"og:type\" content=\"article\" \/>\n<meta property=\"og:title\" content=\"Needle Tubing Breakage Resistance Test - ISO 9626 Annex C\" \/>\n<meta property=\"og:description\" content=\"Conduct syringe needle tubing breakage resistance tests in compliance with ISO 9626 and Annex C. Ensure safety and reliability in syringes.\" \/>\n<meta property=\"og:url\" content=\"https:\/\/www.syringetest.com\/lv\/needle-tubing-breakage-resistance-test\/\" \/>\n<meta property=\"og:site_name\" content=\"Syringe and Needle Testing\" \/>\n<meta property=\"article:modified_time\" content=\"2025-05-06T08:08:46+00:00\" \/>\n<meta name=\"twitter:card\" content=\"summary_large_image\" \/>\n<meta name=\"twitter:label1\" content=\"Est. reading time\" \/>\n\t<meta name=\"twitter:data1\" content=\"4 min\u016btes\" \/>\n<script type=\"application\/ld+json\" class=\"yoast-schema-graph\">{\"@context\":\"https:\/\/schema.org\",\"@graph\":[{\"@type\":\"WebPage\",\"@id\":\"https:\/\/www.syringetest.com\/needle-tubing-breakage-resistance-test\",\"url\":\"https:\/\/www.syringetest.com\/needle-tubing-breakage-resistance-test\",\"name\":\"Needle Tubing Breakage Resistance Test - ISO 9626 Annex C\",\"isPartOf\":{\"@id\":\"https:\/\/www.syringetest.com\/#website\"},\"datePublished\":\"2025-05-06T07:41:30+00:00\",\"dateModified\":\"2025-05-06T08:08:46+00:00\",\"description\":\"Conduct syringe needle tubing breakage resistance tests in compliance with ISO 9626 and Annex C. Ensure safety and reliability in syringes.\",\"breadcrumb\":{\"@id\":\"https:\/\/www.syringetest.com\/needle-tubing-breakage-resistance-test#breadcrumb\"},\"inLanguage\":\"lv-LV\",\"potentialAction\":[{\"@type\":\"ReadAction\",\"target\":[\"https:\/\/www.syringetest.com\/needle-tubing-breakage-resistance-test\"]}]},{\"@type\":\"BreadcrumbList\",\"@id\":\"https:\/\/www.syringetest.com\/needle-tubing-breakage-resistance-test#breadcrumb\",\"itemListElement\":[{\"@type\":\"ListItem\",\"position\":1,\"name\":\"Home\",\"item\":\"https:\/\/www.syringetest.com\/\"},{\"@type\":\"ListItem\",\"position\":2,\"name\":\"Needle Tubing Breakage Resistance Test\"}]},{\"@type\":\"WebSite\",\"@id\":\"https:\/\/www.syringetest.com\/#website\",\"url\":\"https:\/\/www.syringetest.com\/\",\"name\":\"Syringe and Needle Testing\",\"description\":\"Syringe and Needle Test Solutions\",\"publisher\":{\"@id\":\"https:\/\/www.syringetest.com\/#organization\"},\"potentialAction\":[{\"@type\":\"SearchAction\",\"target\":{\"@type\":\"EntryPoint\",\"urlTemplate\":\"https:\/\/www.syringetest.com\/?s={search_term_string}\"},\"query-input\":{\"@type\":\"PropertyValueSpecification\",\"valueRequired\":true,\"valueName\":\"search_term_string\"}}],\"inLanguage\":\"lv-LV\"},{\"@type\":\"Organization\",\"@id\":\"https:\/\/www.syringetest.com\/#organization\",\"name\":\"Syringe and Needle Testing\",\"url\":\"https:\/\/www.syringetest.com\/\",\"logo\":{\"@type\":\"ImageObject\",\"inLanguage\":\"lv-LV\",\"@id\":\"https:\/\/www.syringetest.com\/#\/schema\/logo\/image\/\",\"url\":\"https:\/\/www.syringetest.com\/wp-content\/uploads\/2025\/04\/syringetest.webp\",\"contentUrl\":\"https:\/\/www.syringetest.com\/wp-content\/uploads\/2025\/04\/syringetest.webp\",\"width\":512,\"height\":512,\"caption\":\"Syringe and Needle Testing\"},\"image\":{\"@id\":\"https:\/\/www.syringetest.com\/#\/schema\/logo\/image\/\"}}]}<\/script>\n<!-- \/ Yoast SEO plugin. -->","yoast_head_json":{"title":"Needle Tubing Breakage Resistance Test - ISO 9626 Annex C","description":"Conduct syringe needle tubing breakage resistance tests in compliance with ISO 9626 and Annex C. Ensure safety and reliability in syringes.","robots":{"index":"index","follow":"follow","max-snippet":"max-snippet:-1","max-image-preview":"max-image-preview:large","max-video-preview":"max-video-preview:-1"},"canonical":"https:\/\/www.syringetest.com\/lv\/needle-tubing-breakage-resistance-test\/","og_locale":"lv_LV","og_type":"article","og_title":"Needle Tubing Breakage Resistance Test - ISO 9626 Annex C","og_description":"Conduct syringe needle tubing breakage resistance tests in compliance with ISO 9626 and Annex C. Ensure safety and reliability in syringes.","og_url":"https:\/\/www.syringetest.com\/lv\/needle-tubing-breakage-resistance-test\/","og_site_name":"Syringe and Needle Testing","article_modified_time":"2025-05-06T08:08:46+00:00","twitter_card":"summary_large_image","twitter_misc":{"Est. reading time":"4 min\u016btes"},"schema":{"@context":"https:\/\/schema.org","@graph":[{"@type":"WebPage","@id":"https:\/\/www.syringetest.com\/needle-tubing-breakage-resistance-test","url":"https:\/\/www.syringetest.com\/needle-tubing-breakage-resistance-test","name":"Needle Tubing Breakage Resistance Test - ISO 9626 Annex C","isPartOf":{"@id":"https:\/\/www.syringetest.com\/#website"},"datePublished":"2025-05-06T07:41:30+00:00","dateModified":"2025-05-06T08:08:46+00:00","description":"Conduct syringe needle tubing breakage resistance tests in compliance with ISO 9626 and Annex C. Ensure safety and reliability in syringes.","breadcrumb":{"@id":"https:\/\/www.syringetest.com\/needle-tubing-breakage-resistance-test#breadcrumb"},"inLanguage":"lv-LV","potentialAction":[{"@type":"ReadAction","target":["https:\/\/www.syringetest.com\/needle-tubing-breakage-resistance-test"]}]},{"@type":"BreadcrumbList","@id":"https:\/\/www.syringetest.com\/needle-tubing-breakage-resistance-test#breadcrumb","itemListElement":[{"@type":"ListItem","position":1,"name":"Home","item":"https:\/\/www.syringetest.com\/"},{"@type":"ListItem","position":2,"name":"Needle Tubing Breakage Resistance Test"}]},{"@type":"WebSite","@id":"https:\/\/www.syringetest.com\/#website","url":"https:\/\/www.syringetest.com\/","name":"Syringe and Needle Testing","description":"Syringe and Needle Test Solutions","publisher":{"@id":"https:\/\/www.syringetest.com\/#organization"},"potentialAction":[{"@type":"SearchAction","target":{"@type":"EntryPoint","urlTemplate":"https:\/\/www.syringetest.com\/?s={search_term_string}"},"query-input":{"@type":"PropertyValueSpecification","valueRequired":true,"valueName":"search_term_string"}}],"inLanguage":"lv-LV"},{"@type":"Organization","@id":"https:\/\/www.syringetest.com\/#organization","name":"Syringe and Needle Testing","url":"https:\/\/www.syringetest.com\/","logo":{"@type":"ImageObject","inLanguage":"lv-LV","@id":"https:\/\/www.syringetest.com\/#\/schema\/logo\/image\/","url":"https:\/\/www.syringetest.com\/wp-content\/uploads\/2025\/04\/syringetest.webp","contentUrl":"https:\/\/www.syringetest.com\/wp-content\/uploads\/2025\/04\/syringetest.webp","width":512,"height":512,"caption":"Syringe and Needle Testing"},"image":{"@id":"https:\/\/www.syringetest.com\/#\/schema\/logo\/image\/"}}]}},"_links":{"self":[{"href":"https:\/\/www.syringetest.com\/lv\/wp-json\/wp\/v2\/pages\/311","targetHints":{"allow":["GET"]}}],"collection":[{"href":"https:\/\/www.syringetest.com\/lv\/wp-json\/wp\/v2\/pages"}],"about":[{"href":"https:\/\/www.syringetest.com\/lv\/wp-json\/wp\/v2\/types\/page"}],"author":[{"embeddable":true,"href":"https:\/\/www.syringetest.com\/lv\/wp-json\/wp\/v2\/users\/2"}],"replies":[{"embeddable":true,"href":"https:\/\/www.syringetest.com\/lv\/wp-json\/wp\/v2\/comments?post=311"}],"version-history":[{"count":4,"href":"https:\/\/www.syringetest.com\/lv\/wp-json\/wp\/v2\/pages\/311\/revisions"}],"predecessor-version":[{"id":315,"href":"https:\/\/www.syringetest.com\/lv\/wp-json\/wp\/v2\/pages\/311\/revisions\/315"}],"wp:attachment":[{"href":"https:\/\/www.syringetest.com\/lv\/wp-json\/wp\/v2\/media?parent=311"}],"curies":[{"name":"wp","href":"https:\/\/api.w.org\/{rel}","templated":true}]}}