{"id":311,"date":"2025-05-06T07:41:30","date_gmt":"2025-05-06T07:41:30","guid":{"rendered":"https:\/\/www.syringetest.com\/?page_id=311"},"modified":"2025-05-06T08:08:46","modified_gmt":"2025-05-06T08:08:46","slug":"needle-tubing-breakage-resistance-test","status":"publish","type":"page","link":"https:\/\/www.syringetest.com\/id\/needle-tubing-breakage-resistance-test","title":{"rendered":"Uji Ketahanan Kerusakan Tabung Jarum"},"content":{"rendered":"<div data-elementor-type=\"wp-page\" data-elementor-id=\"311\" class=\"elementor elementor-311\" data-elementor-post-type=\"page\">\n\t\t\t\t<div class=\"elementor-element elementor-element-292be0b e-flex e-con-boxed e-con e-parent\" data-id=\"292be0b\" data-element_type=\"container\" data-settings=\"{&quot;background_background&quot;:&quot;classic&quot;}\">\n\t\t\t\t\t<div class=\"e-con-inner\">\n\t\t\t\t<div class=\"elementor-element elementor-element-0f48abd elementor-invisible elementor-widget elementor-widget-heading\" data-id=\"0f48abd\" data-element_type=\"widget\" data-settings=\"{&quot;_animation&quot;:&quot;fadeInUp&quot;}\" data-widget_type=\"heading.default\">\n\t\t\t\t<div class=\"elementor-widget-container\">\n\t\t\t\t\t<h2 class=\"elementor-heading-title elementor-size-default\">Uji Ketahanan Kerusakan Tabung Jarum<\/h2>\t\t\t\t<\/div>\n\t\t\t\t<\/div>\n\t\t\t\t<div class=\"elementor-element elementor-element-6817f29 elementor-widget__width-initial elementor-invisible elementor-widget elementor-widget-text-editor\" data-id=\"6817f29\" data-element_type=\"widget\" data-settings=\"{&quot;_animation&quot;:&quot;fadeInUp&quot;}\" data-widget_type=\"text-editor.default\">\n\t\t\t\t<div class=\"elementor-widget-container\">\n\t\t\t\t\t\t\t\t\t<p>Pemahaman <strong>ketahanan kerusakan tabung jarum<\/strong> sangat penting untuk menjaga keamanan dan kualitas perangkat medis, terutama jarum suntik dan jarum infus. Pengujian ini memastikan bahwa tabung dapat menahan tekanan tekukan selama proses produksi dan penggunaan klinis tanpa mengalami kegagalan. Bagi para profesional yang bekerja di bidang kontrol kualitas, terutama di industri farmasi dan perangkat medis, menguasai pengujian ini tidak hanya penting untuk kepatuhan, tetapi juga untuk keselamatan pasien.<\/p>\t\t\t\t\t\t\t\t<\/div>\n\t\t\t\t<\/div>\n\t\t\t\t\t<\/div>\n\t\t\t\t<\/div>\n\t\t<div class=\"elementor-element elementor-element-05adfe7 e-flex e-con-boxed e-con e-parent\" data-id=\"05adfe7\" data-element_type=\"container\" data-settings=\"{&quot;background_background&quot;:&quot;classic&quot;}\">\n\t\t\t\t\t<div class=\"e-con-inner\">\n\t\t\t\t<div class=\"elementor-element elementor-element-ecf369e elementor-widget__width-inherit elementor-invisible elementor-widget elementor-widget-heading\" data-id=\"ecf369e\" data-element_type=\"widget\" data-settings=\"{&quot;_animation&quot;:&quot;fadeInUp&quot;}\" data-widget_type=\"heading.default\">\n\t\t\t\t<div class=\"elementor-widget-container\">\n\t\t\t\t\t<h2 class=\"elementor-heading-title elementor-size-default\">Pentingnya Ketahanan terhadap Kerusakan Tabung Jarum<\/h2>\t\t\t\t<\/div>\n\t\t\t\t<\/div>\n\t\t\t\t<div class=\"elementor-element elementor-element-f390758 elementor-invisible elementor-widget elementor-widget-text-editor\" data-id=\"f390758\" data-element_type=\"widget\" data-settings=\"{&quot;_animation&quot;:&quot;fadeInUp&quot;}\" data-widget_type=\"text-editor.default\">\n\t\t\t\t<div class=\"elementor-widget-container\">\n\t\t\t\t\t\t\t\t\t<p>Tabung jarum harus tahan banting, terutama saat penanganan, pembengkokan, dan penyisipan berulang kali ke dalam jaringan lunak atau keras. Jika tabung patah, hal ini dapat menyebabkan cedera serius pada pasien dan menimbulkan risiko hukum dan peraturan bagi produsen. Itulah mengapa <strong>ketahanan kerusakan tabung jarum<\/strong> sangat penting - ini mensimulasikan tekanan mekanis dunia nyata dan mengevaluasi apakah tabung mempertahankan integritas strukturalnya setelah pembengkokan siklik.<\/p><p><strong>Syringetest.com<\/strong> mendukung kebutuhan penting ini dengan menyediakan sistem pengujian yang akurat dan dapat diulang untuk membantu produsen perangkat medis memenuhi standar internasional secara efisien.<\/p>\t\t\t\t\t\t\t\t<\/div>\n\t\t\t\t<\/div>\n\t\t\t\t\t<\/div>\n\t\t\t\t<\/div>\n\t\t<div class=\"elementor-element elementor-element-2b52750 e-flex e-con-boxed e-con e-parent\" data-id=\"2b52750\" data-element_type=\"container\" data-settings=\"{&quot;background_background&quot;:&quot;classic&quot;}\">\n\t\t\t\t\t<div class=\"e-con-inner\">\n\t\t\t\t<div class=\"elementor-element elementor-element-040e55f elementor-invisible elementor-widget elementor-widget-heading\" data-id=\"040e55f\" data-element_type=\"widget\" data-settings=\"{&quot;_animation&quot;:&quot;fadeInUp&quot;}\" data-widget_type=\"heading.default\">\n\t\t\t\t<div class=\"elementor-widget-container\">\n\t\t\t\t\t<h2 class=\"elementor-heading-title elementor-size-default\">Memahami ISO 9626 dan ISO 9626 Lampiran C<\/h2>\t\t\t\t<\/div>\n\t\t\t\t<\/div>\n\t\t\t\t<div class=\"elementor-element elementor-element-ae97939 elementor-invisible elementor-widget elementor-widget-text-editor\" data-id=\"ae97939\" data-element_type=\"widget\" data-settings=\"{&quot;_animation&quot;:&quot;fadeInUp&quot;}\" data-widget_type=\"text-editor.default\">\n\t\t\t\t<div class=\"elementor-widget-container\">\n\t\t\t\t\t\t\t\t\t<p><a href=\"https:\/\/www.syringetest.com\/id\/standards\/iso-9626\/\">ISO 9626<\/a> adalah standar internasional yang menetapkan sifat mekanis tabung jarum baja tahan karat yang digunakan dalam pembuatan perangkat medis. <strong>Lampiran C dari ISO 9626<\/strong> menguraikan sebuah <strong>metode normatif<\/strong> untuk menguji ketahanan pipa terhadap kerusakan akibat tekanan tekukan berulang.<\/p><p>Menurut <strong>Lampiran C<\/strong>tabung harus dibengkokkan secara siklis untuk mensimulasikan kelelahan mekanis, dan kemudian diperiksa secara visual untuk mengetahui adanya tanda-tanda patah. Hasilnya menentukan apakah selang memenuhi persyaratan kinerja minimum yang diperlukan untuk penggunaan medis yang aman.<\/p>\t\t\t\t\t\t\t\t<\/div>\n\t\t\t\t<\/div>\n\t\t\t\t\t<\/div>\n\t\t\t\t<\/div>\n\t\t<div class=\"elementor-element elementor-element-3f79c0a e-flex e-con-boxed e-con e-parent\" data-id=\"3f79c0a\" data-element_type=\"container\" data-settings=\"{&quot;background_background&quot;:&quot;classic&quot;}\">\n\t\t\t\t\t<div class=\"e-con-inner\">\n\t\t\t\t<div class=\"elementor-element elementor-element-ec7f91b elementor-invisible elementor-widget elementor-widget-heading\" data-id=\"ec7f91b\" data-element_type=\"widget\" data-settings=\"{&quot;_animation&quot;:&quot;fadeInUp&quot;}\" data-widget_type=\"heading.default\">\n\t\t\t\t<div class=\"elementor-widget-container\">\n\t\t\t\t\t<h2 class=\"elementor-heading-title elementor-size-default\">Metode Uji untuk Ketahanan Kerusakan Tabung Jarum<\/h2>\t\t\t\t<\/div>\n\t\t\t\t<\/div>\n\t\t\t\t<div class=\"elementor-element elementor-element-64203b6 elementor-invisible elementor-widget elementor-widget-text-editor\" data-id=\"64203b6\" data-element_type=\"widget\" data-settings=\"{&quot;_animation&quot;:&quot;fadeInUp&quot;}\" data-widget_type=\"text-editor.default\">\n\t\t\t\t<div class=\"elementor-widget-container\">\n\t\t\t\t\t\t\t\t\t<p>Uji ketahanan terhadap kerusakan melibatkan prosedur yang tepat, yang memastikan pengulangan dan kepatuhan. Berikut ini adalah rincian metodenya, seperti yang dirujuk dalam <strong>ISO 9626 Lampiran C<\/strong>:<\/p>\t\t\t\t\t\t\t\t<\/div>\n\t\t\t\t<\/div>\n\t\t\t\t<div class=\"elementor-element elementor-element-c66d4c9 e-n-tabs-mobile elementor-invisible elementor-widget elementor-widget-n-tabs\" data-id=\"c66d4c9\" data-element_type=\"widget\" data-settings=\"{&quot;tabs_justify_horizontal&quot;:&quot;center&quot;,&quot;_animation&quot;:&quot;fadeInUp&quot;,&quot;horizontal_scroll&quot;:&quot;disable&quot;}\" data-widget_type=\"nested-tabs.default\">\n\t\t\t\t<div class=\"elementor-widget-container\">\n\t\t\t\t\t\t\t<div class=\"e-n-tabs\" data-widget-number=\"208065737\" aria-label=\"Sekmeler. Enter ve Space ile \u00f6geleri a\u00e7abilir, Escape ile \u00f6geleri kapatabilir ve Y\u00f6n tu\u015flar\u0131 ile \u00f6geler aras\u0131nda gezinebilirsiniz.\" data-no-translation-aria-label=\"\">\n\t\t\t<div class=\"e-n-tabs-heading\" role=\"tablist\">\n\t\t\t\t\t<button id=\"e-n-tab-title-2080657371\" class=\"e-n-tab-title\" aria-selected=\"true\" data-tab-index=\"1\" role=\"tab\" tabindex=\"0\" aria-controls=\"e-n-tab-content-2080657371\" style=\"--n-tabs-title-order: 1;\">\n\t\t\t\t\t\t<span class=\"e-n-tab-title-text\">\n\t\t\t\tPersyaratan Peralatan\t\t\t<\/span>\n\t\t<\/button>\n\t\t\t\t<button id=\"e-n-tab-title-2080657372\" class=\"e-n-tab-title\" aria-selected=\"false\" data-tab-index=\"2\" role=\"tab\" tabindex=\"-1\" aria-controls=\"e-n-tab-content-2080657372\" style=\"--n-tabs-title-order: 2;\">\n\t\t\t\t\t\t<span class=\"e-n-tab-title-text\">\n\t\t\t\tProsedur Uji\t\t\t<\/span>\n\t\t<\/button>\n\t\t\t\t<button id=\"e-n-tab-title-2080657373\" class=\"e-n-tab-title\" aria-selected=\"false\" data-tab-index=\"3\" role=\"tab\" tabindex=\"-1\" aria-controls=\"e-n-tab-content-2080657373\" style=\"--n-tabs-title-order: 3;\">\n\t\t\t\t\t\t<span class=\"e-n-tab-title-text\">\n\t\t\t\tPersyaratan Pelaporan dan Dokumentasi\t\t\t<\/span>\n\t\t<\/button>\n\t\t\t\t\t<\/div>\n\t\t\t<div class=\"e-n-tabs-content\">\n\t\t\t\t<div id=\"e-n-tab-content-2080657371\" role=\"tabpanel\" aria-labelledby=\"e-n-tab-title-2080657371\" data-tab-index=\"1\" style=\"--n-tabs-title-order: 1;\" class=\"e-active elementor-element elementor-element-661f178 e-con-full e-flex e-con e-child\" data-id=\"661f178\" data-element_type=\"container\">\n\t\t\t\t<div class=\"elementor-element elementor-element-45c637c elementor-widget elementor-widget-text-editor\" data-id=\"45c637c\" data-element_type=\"widget\" data-widget_type=\"text-editor.default\">\n\t\t\t\t<div class=\"elementor-widget-container\">\n\t\t\t\t\t\t\t\t\t<p>Untuk melakukan pengujian secara efektif, peralatan berikut ini diperlukan:<\/p><ul><li><strong>Perangkat Fiksasi Tabung:<\/strong> Untuk menahan salah satu ujung pipa secara kaku di tempatnya.<\/li><li><strong>Perangkat Aplikasi Paksa:<\/strong> Mampu menekuk pipa hingga 25\u00b0 tergantung pada ketebalan dinding.<\/li><\/ul>\t\t\t\t\t\t\t\t<\/div>\n\t\t\t\t<\/div>\n\t\t\t\t<\/div>\n\t\t<div id=\"e-n-tab-content-2080657372\" role=\"tabpanel\" aria-labelledby=\"e-n-tab-title-2080657372\" data-tab-index=\"2\" style=\"--n-tabs-title-order: 2;\" class=\"elementor-element elementor-element-8d83155 e-con-full e-flex e-con e-child\" data-id=\"8d83155\" data-element_type=\"container\">\n\t\t\t\t<div class=\"elementor-element elementor-element-1bab19a elementor-widget elementor-widget-text-editor\" data-id=\"1bab19a\" data-element_type=\"widget\" data-widget_type=\"text-editor.default\">\n\t\t\t\t<div class=\"elementor-widget-container\">\n\t\t\t\t\t\t\t\t\t<ol><li><strong>Mengamankan Tabung:<\/strong> Salah satu ujung tabung jarum dipasang secara kaku ke penyangga.<\/li><li><strong>Menerapkan Kekuatan Lentur:<\/strong> Pada jarak tertentu dari titik tetap, tekuk tabung ke satu arah melalui sudut yang ditentukan:<ul><li><em>(25 \u00b11)\u00b0<\/em> untuk dinding biasa<\/li><li><em>(20 \u00b11)\u00b0<\/em> untuk berdinding tipis<\/li><li><em>(15 \u00b11)\u00b0<\/em> untuk tabung berdinding ekstra tipis dan sangat tipis<\/li><\/ul><\/li><li><strong>Membalikkan Kekuatan:<\/strong> Tekuk tabung ke arah yang berlawanan melalui sudut yang sama.<\/li><li><strong>Ulangi Siklus tersebut:<\/strong> Perilaku <strong>20 siklus penuh<\/strong> pembalikan dengan kecepatan <strong>0,5 Hz<\/strong>.<\/li><li><strong>Inspeksi Visual:<\/strong> Setelah bersepeda, periksa tabung untuk melihat tanda-tanda <strong>kerusakan<\/strong> atau retak.<\/li><\/ol>\t\t\t\t\t\t\t\t<\/div>\n\t\t\t\t<\/div>\n\t\t\t\t<\/div>\n\t\t<div id=\"e-n-tab-content-2080657373\" role=\"tabpanel\" aria-labelledby=\"e-n-tab-title-2080657373\" data-tab-index=\"3\" style=\"--n-tabs-title-order: 3;\" class=\"elementor-element elementor-element-bc03100 e-flex e-con-boxed e-con e-child\" data-id=\"bc03100\" data-element_type=\"container\">\n\t\t\t\t\t<div class=\"e-con-inner\">\n\t\t\t\t<div class=\"elementor-element elementor-element-5d48674 elementor-widget elementor-widget-text-editor\" data-id=\"5d48674\" data-element_type=\"widget\" data-widget_type=\"text-editor.default\">\n\t\t\t\t<div class=\"elementor-widget-container\">\n\t\t\t\t\t\t\t\t\t<p>Laporan pengujian yang lengkap harus menyertakan:<\/p><ul><li><strong>Ukuran dan identifikasi tabung<\/strong><\/li><li><strong>Klasifikasi jenis dinding<\/strong> (biasa, tipis, ekstra tipis, ultra tipis)<\/li><li><strong>Hasil visual<\/strong> kerusakan<\/li><li><strong>Tanggal pengujian<\/strong><\/li><li><strong>Jenis paduan baja tahan karat<\/strong> sebagaimana ditentukan dalam Klausul 4 ISO 9626<\/li><\/ul><p>Dokumentasi yang akurat memastikan ketertelusuran dan memfasilitasi proses audit atau sertifikasi, yang sangat penting bagi perusahaan yang ingin mengekspor atau memenuhi standar peraturan yang ketat.<\/p>\t\t\t\t\t\t\t\t<\/div>\n\t\t\t\t<\/div>\n\t\t\t\t\t<\/div>\n\t\t\t\t<\/div>\n\t\t\t\t\t<\/div>\n\t\t<\/div>\n\t\t\t\t\t\t<\/div>\n\t\t\t\t<\/div>\n\t\t\t\t\t<\/div>\n\t\t\t\t<\/div>\n\t\t<div class=\"elementor-element elementor-element-1b581cc e-con-full e-flex e-con e-parent\" data-id=\"1b581cc\" data-element_type=\"container\" data-settings=\"{&quot;background_background&quot;:&quot;classic&quot;}\">\n\t\t<div class=\"elementor-element elementor-element-61afd37 e-grid e-con-full e-con e-child\" data-id=\"61afd37\" data-element_type=\"container\">\n\t\t<div class=\"elementor-element elementor-element-f8ace73 e-con-full e-flex elementor-invisible e-con e-child\" data-id=\"f8ace73\" data-element_type=\"container\" data-settings=\"{&quot;background_background&quot;:&quot;classic&quot;,&quot;animation&quot;:&quot;fadeInLeft&quot;}\">\n\t\t\t\t<\/div>\n\t\t<div class=\"elementor-element elementor-element-94cc5ad e-flex e-con-boxed elementor-invisible e-con e-child\" data-id=\"94cc5ad\" data-element_type=\"container\" data-settings=\"{&quot;animation&quot;:&quot;fadeInRight&quot;}\">\n\t\t\t\t\t<div class=\"e-con-inner\">\n\t\t\t\t<div class=\"elementor-element elementor-element-907b713 elementor-widget elementor-widget-heading\" data-id=\"907b713\" data-element_type=\"widget\" data-widget_type=\"heading.default\">\n\t\t\t\t<div class=\"elementor-widget-container\">\n\t\t\t\t\t<h2 class=\"elementor-heading-title elementor-size-default\">Mengapa Memilih <b>Syringetest.com?<\/b><\/h2>\t\t\t\t<\/div>\n\t\t\t\t<\/div>\n\t\t\t\t<div class=\"elementor-element elementor-element-718f32f elementor-widget elementor-widget-text-editor\" data-id=\"718f32f\" data-element_type=\"widget\" data-widget_type=\"text-editor.default\">\n\t\t\t\t<div class=\"elementor-widget-container\">\n\t\t\t\t\t\t\t\t\t<p>Di <strong>Syringetest.com<\/strong>kami mengkhususkan diri dalam mendesain dengan presisi tinggi, <strong>sistem pengujian otomatis<\/strong> yang sesuai dengan standar ISO, termasuk <strong>ISO 9626 Lampiran C<\/strong>. Peralatan kami banyak digunakan dalam kontrol kualitas perangkat medis, memastikan hasil tes yang konsisten dengan kesalahan manusia yang minimal. Selain itu, kami menawarkan <strong>solusi yang dapat disesuaikan<\/strong> untuk dimensi tabung atau jenis dinding yang unik dan menyediakan <strong>layanan transformasi otomatisasi<\/strong> untuk mengintegrasikan pengujian ini ke dalam lini produksi dengan mulus.<\/p><p>Baik Anda bergerak di sektor farmasi, perangkat medis, atau pemeriksaan kualitas, instrumen kami membantu Anda menjaga kepatuhan sekaligus meningkatkan efisiensi operasional.<\/p>\t\t\t\t\t\t\t\t<\/div>\n\t\t\t\t<\/div>\n\t\t\t\t<div class=\"elementor-element elementor-element-f735b94 elementor-widget elementor-widget-eael-creative-button\" data-id=\"f735b94\" data-element_type=\"widget\" data-widget_type=\"eael-creative-button.default\">\n\t\t\t\t<div class=\"elementor-widget-container\">\n\t\t\t\t\t        <div class=\"eael-creative-button-wrapper\">\n\n            <a class=\"eael-creative-button eael-creative-button--default\" href=\"#\" data-text=\"Contact Us\">\n\n\t    \n                <div class=\"creative-button-inner\">\n\n                    \n                    <span class=\"cretive-button-text\">Hubungi Kami<\/span>\n\n                                    <\/div>\n\t                        <\/a>\n        <\/div>\n        \t\t\t\t<\/div>\n\t\t\t\t<\/div>\n\t\t\t\t\t<\/div>\n\t\t\t\t<\/div>\n\t\t\t\t<\/div>\n\t\t\t\t<\/div>\n\t\t\t\t<\/div>","protected":false},"excerpt":{"rendered":"<p>Needle Tubing Breakage Resistance Test Understanding needle tubing breakage resistance is crucial for maintaining the safety and quality of medical devices, especially syringes and infusion needles. This test ensures that the tubing can endure bending stress during manufacturing and clinical use without failure. For professionals working in quality control, especially in pharmaceutical and medical device [&hellip;]<\/p>","protected":false},"author":2,"featured_media":0,"parent":0,"menu_order":0,"comment_status":"closed","ping_status":"closed","template":"elementor_header_footer","meta":{"footnotes":""},"class_list":["post-311","page","type-page","status-publish","hentry"],"yoast_head":"<!-- This site is optimized with the Yoast SEO plugin v25.0 - https:\/\/yoast.com\/wordpress\/plugins\/seo\/ -->\n<title>Needle Tubing Breakage Resistance Test - ISO 9626 Annex C<\/title>\n<meta name=\"description\" content=\"Conduct syringe needle tubing breakage resistance tests in compliance with ISO 9626 and Annex C. Ensure safety and reliability in syringes.\" \/>\n<meta name=\"robots\" content=\"index, follow, max-snippet:-1, max-image-preview:large, max-video-preview:-1\" \/>\n<link rel=\"canonical\" href=\"https:\/\/www.syringetest.com\/id\/needle-tubing-breakage-resistance-test\/\" \/>\n<meta property=\"og:locale\" content=\"id_ID\" \/>\n<meta property=\"og:type\" content=\"article\" \/>\n<meta property=\"og:title\" content=\"Needle Tubing Breakage Resistance Test - ISO 9626 Annex C\" \/>\n<meta property=\"og:description\" content=\"Conduct syringe needle tubing breakage resistance tests in compliance with ISO 9626 and Annex C. Ensure safety and reliability in syringes.\" \/>\n<meta property=\"og:url\" content=\"https:\/\/www.syringetest.com\/id\/needle-tubing-breakage-resistance-test\/\" \/>\n<meta property=\"og:site_name\" content=\"Syringe and Needle Testing\" \/>\n<meta property=\"article:modified_time\" content=\"2025-05-06T08:08:46+00:00\" \/>\n<meta name=\"twitter:card\" content=\"summary_large_image\" \/>\n<meta name=\"twitter:label1\" content=\"Estimasi waktu membaca\" \/>\n\t<meta name=\"twitter:data1\" content=\"4 menit\" \/>\n<script type=\"application\/ld+json\" class=\"yoast-schema-graph\">{\"@context\":\"https:\/\/schema.org\",\"@graph\":[{\"@type\":\"WebPage\",\"@id\":\"https:\/\/www.syringetest.com\/needle-tubing-breakage-resistance-test\",\"url\":\"https:\/\/www.syringetest.com\/needle-tubing-breakage-resistance-test\",\"name\":\"Needle Tubing Breakage Resistance Test - ISO 9626 Annex C\",\"isPartOf\":{\"@id\":\"https:\/\/www.syringetest.com\/#website\"},\"datePublished\":\"2025-05-06T07:41:30+00:00\",\"dateModified\":\"2025-05-06T08:08:46+00:00\",\"description\":\"Conduct syringe needle tubing breakage resistance tests in compliance with ISO 9626 and Annex C. Ensure safety and reliability in syringes.\",\"breadcrumb\":{\"@id\":\"https:\/\/www.syringetest.com\/needle-tubing-breakage-resistance-test#breadcrumb\"},\"inLanguage\":\"id\",\"potentialAction\":[{\"@type\":\"ReadAction\",\"target\":[\"https:\/\/www.syringetest.com\/needle-tubing-breakage-resistance-test\"]}]},{\"@type\":\"BreadcrumbList\",\"@id\":\"https:\/\/www.syringetest.com\/needle-tubing-breakage-resistance-test#breadcrumb\",\"itemListElement\":[{\"@type\":\"ListItem\",\"position\":1,\"name\":\"Home\",\"item\":\"https:\/\/www.syringetest.com\/\"},{\"@type\":\"ListItem\",\"position\":2,\"name\":\"Needle Tubing Breakage Resistance Test\"}]},{\"@type\":\"WebSite\",\"@id\":\"https:\/\/www.syringetest.com\/#website\",\"url\":\"https:\/\/www.syringetest.com\/\",\"name\":\"Syringe and Needle Testing\",\"description\":\"Syringe and Needle Test Solutions\",\"publisher\":{\"@id\":\"https:\/\/www.syringetest.com\/#organization\"},\"potentialAction\":[{\"@type\":\"SearchAction\",\"target\":{\"@type\":\"EntryPoint\",\"urlTemplate\":\"https:\/\/www.syringetest.com\/?s={search_term_string}\"},\"query-input\":{\"@type\":\"PropertyValueSpecification\",\"valueRequired\":true,\"valueName\":\"search_term_string\"}}],\"inLanguage\":\"id\"},{\"@type\":\"Organization\",\"@id\":\"https:\/\/www.syringetest.com\/#organization\",\"name\":\"Syringe and Needle Testing\",\"url\":\"https:\/\/www.syringetest.com\/\",\"logo\":{\"@type\":\"ImageObject\",\"inLanguage\":\"id\",\"@id\":\"https:\/\/www.syringetest.com\/#\/schema\/logo\/image\/\",\"url\":\"https:\/\/www.syringetest.com\/wp-content\/uploads\/2025\/04\/syringetest.webp\",\"contentUrl\":\"https:\/\/www.syringetest.com\/wp-content\/uploads\/2025\/04\/syringetest.webp\",\"width\":512,\"height\":512,\"caption\":\"Syringe and Needle Testing\"},\"image\":{\"@id\":\"https:\/\/www.syringetest.com\/#\/schema\/logo\/image\/\"}}]}<\/script>\n<!-- \/ Yoast SEO plugin. -->","yoast_head_json":{"title":"Needle Tubing Breakage Resistance Test - ISO 9626 Annex C","description":"Conduct syringe needle tubing breakage resistance tests in compliance with ISO 9626 and Annex C. Ensure safety and reliability in syringes.","robots":{"index":"index","follow":"follow","max-snippet":"max-snippet:-1","max-image-preview":"max-image-preview:large","max-video-preview":"max-video-preview:-1"},"canonical":"https:\/\/www.syringetest.com\/id\/needle-tubing-breakage-resistance-test\/","og_locale":"id_ID","og_type":"article","og_title":"Needle Tubing Breakage Resistance Test - ISO 9626 Annex C","og_description":"Conduct syringe needle tubing breakage resistance tests in compliance with ISO 9626 and Annex C. Ensure safety and reliability in syringes.","og_url":"https:\/\/www.syringetest.com\/id\/needle-tubing-breakage-resistance-test\/","og_site_name":"Syringe and Needle Testing","article_modified_time":"2025-05-06T08:08:46+00:00","twitter_card":"summary_large_image","twitter_misc":{"Estimasi waktu membaca":"4 menit"},"schema":{"@context":"https:\/\/schema.org","@graph":[{"@type":"WebPage","@id":"https:\/\/www.syringetest.com\/needle-tubing-breakage-resistance-test","url":"https:\/\/www.syringetest.com\/needle-tubing-breakage-resistance-test","name":"Needle Tubing Breakage Resistance Test - ISO 9626 Annex C","isPartOf":{"@id":"https:\/\/www.syringetest.com\/#website"},"datePublished":"2025-05-06T07:41:30+00:00","dateModified":"2025-05-06T08:08:46+00:00","description":"Conduct syringe needle tubing breakage resistance tests in compliance with ISO 9626 and Annex C. Ensure safety and reliability in syringes.","breadcrumb":{"@id":"https:\/\/www.syringetest.com\/needle-tubing-breakage-resistance-test#breadcrumb"},"inLanguage":"id","potentialAction":[{"@type":"ReadAction","target":["https:\/\/www.syringetest.com\/needle-tubing-breakage-resistance-test"]}]},{"@type":"BreadcrumbList","@id":"https:\/\/www.syringetest.com\/needle-tubing-breakage-resistance-test#breadcrumb","itemListElement":[{"@type":"ListItem","position":1,"name":"Home","item":"https:\/\/www.syringetest.com\/"},{"@type":"ListItem","position":2,"name":"Needle Tubing Breakage Resistance Test"}]},{"@type":"WebSite","@id":"https:\/\/www.syringetest.com\/#website","url":"https:\/\/www.syringetest.com\/","name":"Syringe and Needle Testing","description":"Syringe and Needle Test Solutions","publisher":{"@id":"https:\/\/www.syringetest.com\/#organization"},"potentialAction":[{"@type":"SearchAction","target":{"@type":"EntryPoint","urlTemplate":"https:\/\/www.syringetest.com\/?s={search_term_string}"},"query-input":{"@type":"PropertyValueSpecification","valueRequired":true,"valueName":"search_term_string"}}],"inLanguage":"id"},{"@type":"Organization","@id":"https:\/\/www.syringetest.com\/#organization","name":"Syringe and Needle Testing","url":"https:\/\/www.syringetest.com\/","logo":{"@type":"ImageObject","inLanguage":"id","@id":"https:\/\/www.syringetest.com\/#\/schema\/logo\/image\/","url":"https:\/\/www.syringetest.com\/wp-content\/uploads\/2025\/04\/syringetest.webp","contentUrl":"https:\/\/www.syringetest.com\/wp-content\/uploads\/2025\/04\/syringetest.webp","width":512,"height":512,"caption":"Syringe and Needle Testing"},"image":{"@id":"https:\/\/www.syringetest.com\/#\/schema\/logo\/image\/"}}]}},"_links":{"self":[{"href":"https:\/\/www.syringetest.com\/id\/wp-json\/wp\/v2\/pages\/311","targetHints":{"allow":["GET"]}}],"collection":[{"href":"https:\/\/www.syringetest.com\/id\/wp-json\/wp\/v2\/pages"}],"about":[{"href":"https:\/\/www.syringetest.com\/id\/wp-json\/wp\/v2\/types\/page"}],"author":[{"embeddable":true,"href":"https:\/\/www.syringetest.com\/id\/wp-json\/wp\/v2\/users\/2"}],"replies":[{"embeddable":true,"href":"https:\/\/www.syringetest.com\/id\/wp-json\/wp\/v2\/comments?post=311"}],"version-history":[{"count":4,"href":"https:\/\/www.syringetest.com\/id\/wp-json\/wp\/v2\/pages\/311\/revisions"}],"predecessor-version":[{"id":315,"href":"https:\/\/www.syringetest.com\/id\/wp-json\/wp\/v2\/pages\/311\/revisions\/315"}],"wp:attachment":[{"href":"https:\/\/www.syringetest.com\/id\/wp-json\/wp\/v2\/media?parent=311"}],"curies":[{"name":"wp","href":"https:\/\/api.w.org\/{rel}","templated":true}]}}