{"id":311,"date":"2025-05-06T07:41:30","date_gmt":"2025-05-06T07:41:30","guid":{"rendered":"https:\/\/www.syringetest.com\/?page_id=311"},"modified":"2025-05-06T08:08:46","modified_gmt":"2025-05-06T08:08:46","slug":"needle-tubing-breakage-resistance-test","status":"publish","type":"page","link":"https:\/\/www.syringetest.com\/cs\/needle-tubing-breakage-resistance-test","title":{"rendered":"Zkou\u0161ka odolnosti proti zlomen\u00ed jehlov\u00e9 trubky"},"content":{"rendered":"<div data-elementor-type=\"wp-page\" data-elementor-id=\"311\" class=\"elementor elementor-311\" data-elementor-post-type=\"page\">\n\t\t\t\t<div class=\"elementor-element elementor-element-292be0b e-flex e-con-boxed e-con e-parent\" data-id=\"292be0b\" data-element_type=\"container\" data-settings=\"{&quot;background_background&quot;:&quot;classic&quot;}\">\n\t\t\t\t\t<div class=\"e-con-inner\">\n\t\t\t\t<div class=\"elementor-element elementor-element-0f48abd elementor-invisible elementor-widget elementor-widget-heading\" data-id=\"0f48abd\" data-element_type=\"widget\" data-settings=\"{&quot;_animation&quot;:&quot;fadeInUp&quot;}\" data-widget_type=\"heading.default\">\n\t\t\t\t<div class=\"elementor-widget-container\">\n\t\t\t\t\t<h2 class=\"elementor-heading-title elementor-size-default\">Zkou\u0161ka odolnosti proti zlomen\u00ed jehlov\u00e9 trubky<\/h2>\t\t\t\t<\/div>\n\t\t\t\t<\/div>\n\t\t\t\t<div class=\"elementor-element elementor-element-6817f29 elementor-widget__width-initial elementor-invisible elementor-widget elementor-widget-text-editor\" data-id=\"6817f29\" data-element_type=\"widget\" data-settings=\"{&quot;_animation&quot;:&quot;fadeInUp&quot;}\" data-widget_type=\"text-editor.default\">\n\t\t\t\t<div class=\"elementor-widget-container\">\n\t\t\t\t\t\t\t\t\t<p>Porozum\u011bn\u00ed <strong>odolnost proti zlomen\u00ed jehly<\/strong> m\u00e1 z\u00e1sadn\u00ed v\u00fdznam pro zachov\u00e1n\u00ed bezpe\u010dnosti a kvality zdravotnick\u00fdch prost\u0159edk\u016f, zejm\u00e9na injek\u010dn\u00edch st\u0159\u00edka\u010dek a infuzn\u00edch jehel. Tato zkou\u0161ka zaji\u0161\u0165uje, \u017ee hadi\u010dky vydr\u017e\u00ed nam\u00e1h\u00e1n\u00ed ohybem p\u0159i v\u00fdrob\u011b a klinick\u00e9m pou\u017eit\u00ed, ani\u017e by do\u0161lo k jejich selh\u00e1n\u00ed. Pro odborn\u00edky pracuj\u00edc\u00ed v oblasti kontroly kvality, zejm\u00e9na ve farmaceutick\u00e9m pr\u016fmyslu a v oblasti zdravotnick\u00fdch prost\u0159edk\u016f, je zvl\u00e1dnut\u00ed tohoto testu z\u00e1sadn\u00ed nejen pro zaji\u0161t\u011bn\u00ed shody s p\u0159edpisy, ale tak\u00e9 pro bezpe\u010dnost pacient\u016f.<\/p>\t\t\t\t\t\t\t\t<\/div>\n\t\t\t\t<\/div>\n\t\t\t\t\t<\/div>\n\t\t\t\t<\/div>\n\t\t<div class=\"elementor-element elementor-element-05adfe7 e-flex e-con-boxed e-con e-parent\" data-id=\"05adfe7\" data-element_type=\"container\" data-settings=\"{&quot;background_background&quot;:&quot;classic&quot;}\">\n\t\t\t\t\t<div class=\"e-con-inner\">\n\t\t\t\t<div class=\"elementor-element elementor-element-ecf369e elementor-widget__width-inherit elementor-invisible elementor-widget elementor-widget-heading\" data-id=\"ecf369e\" data-element_type=\"widget\" data-settings=\"{&quot;_animation&quot;:&quot;fadeInUp&quot;}\" data-widget_type=\"heading.default\">\n\t\t\t\t<div class=\"elementor-widget-container\">\n\t\t\t\t\t<h2 class=\"elementor-heading-title elementor-size-default\">V\u00fdznam odolnosti jehlov\u00fdch trubek proti zlomen\u00ed<\/h2>\t\t\t\t<\/div>\n\t\t\t\t<\/div>\n\t\t\t\t<div class=\"elementor-element elementor-element-f390758 elementor-invisible elementor-widget elementor-widget-text-editor\" data-id=\"f390758\" data-element_type=\"widget\" data-settings=\"{&quot;_animation&quot;:&quot;fadeInUp&quot;}\" data-widget_type=\"text-editor.default\">\n\t\t\t\t<div class=\"elementor-widget-container\">\n\t\t\t\t\t\t\t\t\t<p>Hadi\u010dky jehel mus\u00ed b\u00fdt pru\u017en\u00e9, zejm\u00e9na p\u0159i opakovan\u00e9 manipulaci, oh\u00fdb\u00e1n\u00ed a zav\u00e1d\u011bn\u00ed do m\u011bkk\u00fdch nebo tvrd\u00fdch tk\u00e1n\u00ed. Pokud hadi\u010dka praskne, m\u016f\u017ee to zp\u016fsobit v\u00e1\u017en\u00e9 po\u0161kozen\u00ed pacienta a pro v\u00fdrobce to p\u0159edstavuje pr\u00e1vn\u00ed a regula\u010dn\u00ed riziko. To je d\u016fvod, pro\u010d <strong>odolnost proti zlomen\u00ed jehly<\/strong> je nezbytn\u00e1 - simuluje skute\u010dn\u00e9 mechanick\u00e9 nam\u00e1h\u00e1n\u00ed a hodnot\u00ed, zda si trubky po cyklick\u00e9m oh\u00fdb\u00e1n\u00ed zachov\u00e1vaj\u00ed svou struktur\u00e1ln\u00ed integritu.<\/p><p><strong>Syringetest.com<\/strong> podporuje tuto kritickou pot\u0159ebu t\u00edm, \u017ee poskytuje p\u0159esn\u00e9 a opakovateln\u00e9 testovac\u00ed syst\u00e9my, kter\u00e9 pom\u00e1haj\u00ed v\u00fdrobc\u016fm zdravotnick\u00fdch prost\u0159edk\u016f efektivn\u011b plnit mezin\u00e1rodn\u00ed normy.<\/p>\t\t\t\t\t\t\t\t<\/div>\n\t\t\t\t<\/div>\n\t\t\t\t\t<\/div>\n\t\t\t\t<\/div>\n\t\t<div class=\"elementor-element elementor-element-2b52750 e-flex e-con-boxed e-con e-parent\" data-id=\"2b52750\" data-element_type=\"container\" data-settings=\"{&quot;background_background&quot;:&quot;classic&quot;}\">\n\t\t\t\t\t<div class=\"e-con-inner\">\n\t\t\t\t<div class=\"elementor-element elementor-element-040e55f elementor-invisible elementor-widget elementor-widget-heading\" data-id=\"040e55f\" data-element_type=\"widget\" data-settings=\"{&quot;_animation&quot;:&quot;fadeInUp&quot;}\" data-widget_type=\"heading.default\">\n\t\t\t\t<div class=\"elementor-widget-container\">\n\t\t\t\t\t<h2 class=\"elementor-heading-title elementor-size-default\">Porozum\u011bn\u00ed norm\u011b ISO 9626 a p\u0159\u00edloze C normy ISO 9626<\/h2>\t\t\t\t<\/div>\n\t\t\t\t<\/div>\n\t\t\t\t<div class=\"elementor-element elementor-element-ae97939 elementor-invisible elementor-widget elementor-widget-text-editor\" data-id=\"ae97939\" data-element_type=\"widget\" data-settings=\"{&quot;_animation&quot;:&quot;fadeInUp&quot;}\" data-widget_type=\"text-editor.default\">\n\t\t\t\t<div class=\"elementor-widget-container\">\n\t\t\t\t\t\t\t\t\t<p><a href=\"https:\/\/www.syringetest.com\/cs\/standards\/iso-9626\/\">ISO 9626<\/a> je mezin\u00e1rodn\u00ed norma specifikuj\u00edc\u00ed mechanick\u00e9 vlastnosti jehlov\u00fdch trubi\u010dek z nerezov\u00e9 oceli pou\u017e\u00edvan\u00fdch p\u0159i v\u00fdrob\u011b zdravotnick\u00fdch prost\u0159edk\u016f. <strong>P\u0159\u00edloha C normy ISO 9626<\/strong> nasti\u0148uje <strong>normativn\u00ed metoda<\/strong> pro zkou\u0161en\u00ed odolnosti trubek proti zlomen\u00ed p\u0159i opakovan\u00e9m nam\u00e1h\u00e1n\u00ed ohybem.<\/p><p>Podle <strong>P\u0159\u00edloha C<\/strong>, mus\u00ed se trubky cyklicky oh\u00fdbat, aby se simulovala mechanick\u00e1 \u00fanava, a pot\u00e9 se vizu\u00e1ln\u011b zkontroluje, zda se na nich neobjevuj\u00ed zn\u00e1mky lomu. V\u00fdsledek ur\u010duje, zda hadi\u010dka spl\u0148uje minim\u00e1ln\u00ed po\u017eadavky na funk\u010dnost nezbytn\u00e9 pro bezpe\u010dn\u00e9 l\u00e9ka\u0159sk\u00e9 pou\u017eit\u00ed.<\/p>\t\t\t\t\t\t\t\t<\/div>\n\t\t\t\t<\/div>\n\t\t\t\t\t<\/div>\n\t\t\t\t<\/div>\n\t\t<div class=\"elementor-element elementor-element-3f79c0a e-flex e-con-boxed e-con e-parent\" data-id=\"3f79c0a\" data-element_type=\"container\" data-settings=\"{&quot;background_background&quot;:&quot;classic&quot;}\">\n\t\t\t\t\t<div class=\"e-con-inner\">\n\t\t\t\t<div class=\"elementor-element elementor-element-ec7f91b elementor-invisible elementor-widget elementor-widget-heading\" data-id=\"ec7f91b\" data-element_type=\"widget\" data-settings=\"{&quot;_animation&quot;:&quot;fadeInUp&quot;}\" data-widget_type=\"heading.default\">\n\t\t\t\t<div class=\"elementor-widget-container\">\n\t\t\t\t\t<h2 class=\"elementor-heading-title elementor-size-default\">Zku\u0161ebn\u00ed metoda odolnosti jehlov\u00fdch trubek proti zlomen\u00ed<\/h2>\t\t\t\t<\/div>\n\t\t\t\t<\/div>\n\t\t\t\t<div class=\"elementor-element elementor-element-64203b6 elementor-invisible elementor-widget elementor-widget-text-editor\" data-id=\"64203b6\" data-element_type=\"widget\" data-settings=\"{&quot;_animation&quot;:&quot;fadeInUp&quot;}\" data-widget_type=\"text-editor.default\">\n\t\t\t\t<div class=\"elementor-widget-container\">\n\t\t\t\t\t\t\t\t\t<p>Zkou\u0161ka odolnosti proti zlomen\u00ed zahrnuje p\u0159esn\u00e9 postupy, kter\u00e9 zaji\u0161\u0165uj\u00ed opakovatelnost a shodu. Zde je rozpis metody, jak je uvedeno v dokumentu <strong>ISO 9626 P\u0159\u00edloha C<\/strong>:<\/p>\t\t\t\t\t\t\t\t<\/div>\n\t\t\t\t<\/div>\n\t\t\t\t<div class=\"elementor-element elementor-element-c66d4c9 e-n-tabs-mobile elementor-invisible elementor-widget elementor-widget-n-tabs\" data-id=\"c66d4c9\" data-element_type=\"widget\" data-settings=\"{&quot;tabs_justify_horizontal&quot;:&quot;center&quot;,&quot;_animation&quot;:&quot;fadeInUp&quot;,&quot;horizontal_scroll&quot;:&quot;disable&quot;}\" data-widget_type=\"nested-tabs.default\">\n\t\t\t\t<div class=\"elementor-widget-container\">\n\t\t\t\t\t\t\t<div class=\"e-n-tabs\" data-widget-number=\"208065737\" aria-label=\"Sekmeler. Enter ve Space ile \u00f6geleri a\u00e7abilir, Escape ile \u00f6geleri kapatabilir ve Y\u00f6n tu\u015flar\u0131 ile \u00f6geler aras\u0131nda gezinebilirsiniz.\" data-no-translation-aria-label=\"\">\n\t\t\t<div class=\"e-n-tabs-heading\" role=\"tablist\">\n\t\t\t\t\t<button id=\"e-n-tab-title-2080657371\" class=\"e-n-tab-title\" aria-selected=\"true\" data-tab-index=\"1\" role=\"tab\" tabindex=\"0\" aria-controls=\"e-n-tab-content-2080657371\" style=\"--n-tabs-title-order: 1;\">\n\t\t\t\t\t\t<span class=\"e-n-tab-title-text\">\n\t\t\t\tPo\u017eadavky na p\u0159\u00edstroje\t\t\t<\/span>\n\t\t<\/button>\n\t\t\t\t<button id=\"e-n-tab-title-2080657372\" class=\"e-n-tab-title\" aria-selected=\"false\" data-tab-index=\"2\" role=\"tab\" tabindex=\"-1\" aria-controls=\"e-n-tab-content-2080657372\" style=\"--n-tabs-title-order: 2;\">\n\t\t\t\t\t\t<span class=\"e-n-tab-title-text\">\n\t\t\t\tZku\u0161ebn\u00ed postup\t\t\t<\/span>\n\t\t<\/button>\n\t\t\t\t<button id=\"e-n-tab-title-2080657373\" class=\"e-n-tab-title\" aria-selected=\"false\" data-tab-index=\"3\" role=\"tab\" tabindex=\"-1\" aria-controls=\"e-n-tab-content-2080657373\" style=\"--n-tabs-title-order: 3;\">\n\t\t\t\t\t\t<span class=\"e-n-tab-title-text\">\n\t\t\t\tPo\u017eadavky na pod\u00e1v\u00e1n\u00ed zpr\u00e1v a dokumentaci\t\t\t<\/span>\n\t\t<\/button>\n\t\t\t\t\t<\/div>\n\t\t\t<div class=\"e-n-tabs-content\">\n\t\t\t\t<div id=\"e-n-tab-content-2080657371\" role=\"tabpanel\" aria-labelledby=\"e-n-tab-title-2080657371\" data-tab-index=\"1\" style=\"--n-tabs-title-order: 1;\" class=\"e-active elementor-element elementor-element-661f178 e-con-full e-flex e-con e-child\" data-id=\"661f178\" data-element_type=\"container\">\n\t\t\t\t<div class=\"elementor-element elementor-element-45c637c elementor-widget elementor-widget-text-editor\" data-id=\"45c637c\" data-element_type=\"widget\" data-widget_type=\"text-editor.default\">\n\t\t\t\t<div class=\"elementor-widget-container\">\n\t\t\t\t\t\t\t\t\t<p>Pro efektivn\u00ed proveden\u00ed testu je nutn\u00e9 n\u00e1sleduj\u00edc\u00ed vybaven\u00ed:<\/p><ul><li><strong>Za\u0159\u00edzen\u00ed pro fixaci hadi\u010dek:<\/strong> K pevn\u00e9mu uchycen\u00ed jednoho konce trubky na m\u00edst\u011b.<\/li><li><strong>Za\u0159\u00edzen\u00ed pro aplikaci s\u00edly:<\/strong> V z\u00e1vislosti na tlou\u0161\u0165ce st\u011bny je mo\u017en\u00e9 oh\u00fdbat trubky a\u017e o 25\u00b0.<\/li><\/ul>\t\t\t\t\t\t\t\t<\/div>\n\t\t\t\t<\/div>\n\t\t\t\t<\/div>\n\t\t<div id=\"e-n-tab-content-2080657372\" role=\"tabpanel\" aria-labelledby=\"e-n-tab-title-2080657372\" data-tab-index=\"2\" style=\"--n-tabs-title-order: 2;\" class=\"elementor-element elementor-element-8d83155 e-con-full e-flex e-con e-child\" data-id=\"8d83155\" data-element_type=\"container\">\n\t\t\t\t<div class=\"elementor-element elementor-element-1bab19a elementor-widget elementor-widget-text-editor\" data-id=\"1bab19a\" data-element_type=\"widget\" data-widget_type=\"text-editor.default\">\n\t\t\t\t<div class=\"elementor-widget-container\">\n\t\t\t\t\t\t\t\t\t<ol><li><strong>Zajist\u011bte trubky:<\/strong> Jeden konec jehlov\u00e9 trubice je pevn\u011b p\u0159ipevn\u011bn k podlo\u017ece.<\/li><li><strong>Pou\u017eijte ohybovou s\u00edlu:<\/strong> Ve stanoven\u00e9 vzd\u00e1lenosti od pevn\u00e9ho bodu ohn\u011bte trubku v jednom sm\u011bru o definovan\u00fd \u00fahel:<ul><li><em>(25 \u00b11)\u00b0<\/em> pro b\u011b\u017en\u00e9 st\u011bny<\/li><li><em>(20 \u00b11)\u00b0<\/em> pro tenkost\u011bnn\u00e9<\/li><li><em>(15 \u00b11)\u00b0<\/em> pro velmi tenk\u00e9 a ultratenk\u00e9 trubky<\/li><\/ul><\/li><li><strong>Obr\u00e1cen\u00ed s\u00edly:<\/strong> Ohn\u011bte trubku v opa\u010dn\u00e9m sm\u011bru pod stejn\u00fdm \u00fahlem.<\/li><li><strong>Opakujte cyklus:<\/strong> Prov\u00e1d\u011bn\u00ed <strong>20 pln\u00fdch cykl\u016f<\/strong> obr\u00e1cen\u00ed p\u0159i rychlosti <strong>0,5 Hz<\/strong>.<\/li><li><strong>Vizu\u00e1ln\u00ed kontrola:<\/strong> Po cyklov\u00e1n\u00ed zkontrolujte, zda na hadi\u010dce nejsou viditeln\u00e9 zn\u00e1mky po\u0161kozen\u00ed. <strong>rozbit\u00ed<\/strong> nebo prask\u00e1n\u00ed.<\/li><\/ol>\t\t\t\t\t\t\t\t<\/div>\n\t\t\t\t<\/div>\n\t\t\t\t<\/div>\n\t\t<div id=\"e-n-tab-content-2080657373\" role=\"tabpanel\" aria-labelledby=\"e-n-tab-title-2080657373\" data-tab-index=\"3\" style=\"--n-tabs-title-order: 3;\" class=\"elementor-element elementor-element-bc03100 e-flex e-con-boxed e-con e-child\" data-id=\"bc03100\" data-element_type=\"container\">\n\t\t\t\t\t<div class=\"e-con-inner\">\n\t\t\t\t<div class=\"elementor-element elementor-element-5d48674 elementor-widget elementor-widget-text-editor\" data-id=\"5d48674\" data-element_type=\"widget\" data-widget_type=\"text-editor.default\">\n\t\t\t\t<div class=\"elementor-widget-container\">\n\t\t\t\t\t\t\t\t\t<p>\u00dapln\u00fd protokol o zkou\u0161ce mus\u00ed obsahovat:<\/p><ul><li><strong>Velikost a identifikace trubek<\/strong><\/li><li><strong>Klasifikace typu st\u011bny<\/strong> (b\u011b\u017en\u00e9, tenk\u00e9, extra tenk\u00e9, ultratenk\u00e9)<\/li><li><strong>Vizu\u00e1ln\u00ed v\u00fdsledky<\/strong> rozbit\u00ed<\/li><li><strong>Datum testov\u00e1n\u00ed<\/strong><\/li><li><strong>Typ slitiny nerezov\u00e9 oceli<\/strong> jak je uvedeno v bod\u011b 4 normy ISO 9626.<\/li><\/ul><p>P\u0159esn\u00e1 dokumentace zaji\u0161\u0165uje sledovatelnost a usnad\u0148uje audity nebo certifika\u010dn\u00ed procesy, kter\u00e9 jsou nezbytn\u00e9 pro spole\u010dnosti usiluj\u00edc\u00ed o v\u00fdvoz nebo spln\u011bn\u00ed p\u0159\u00edsn\u00fdch regula\u010dn\u00edch norem.<\/p>\t\t\t\t\t\t\t\t<\/div>\n\t\t\t\t<\/div>\n\t\t\t\t\t<\/div>\n\t\t\t\t<\/div>\n\t\t\t\t\t<\/div>\n\t\t<\/div>\n\t\t\t\t\t\t<\/div>\n\t\t\t\t<\/div>\n\t\t\t\t\t<\/div>\n\t\t\t\t<\/div>\n\t\t<div class=\"elementor-element elementor-element-1b581cc e-con-full e-flex e-con e-parent\" data-id=\"1b581cc\" data-element_type=\"container\" data-settings=\"{&quot;background_background&quot;:&quot;classic&quot;}\">\n\t\t<div class=\"elementor-element elementor-element-61afd37 e-grid e-con-full e-con e-child\" data-id=\"61afd37\" data-element_type=\"container\">\n\t\t<div class=\"elementor-element elementor-element-f8ace73 e-con-full e-flex elementor-invisible e-con e-child\" data-id=\"f8ace73\" data-element_type=\"container\" data-settings=\"{&quot;background_background&quot;:&quot;classic&quot;,&quot;animation&quot;:&quot;fadeInLeft&quot;}\">\n\t\t\t\t<\/div>\n\t\t<div class=\"elementor-element elementor-element-94cc5ad e-flex e-con-boxed elementor-invisible e-con e-child\" data-id=\"94cc5ad\" data-element_type=\"container\" data-settings=\"{&quot;animation&quot;:&quot;fadeInRight&quot;}\">\n\t\t\t\t\t<div class=\"e-con-inner\">\n\t\t\t\t<div class=\"elementor-element elementor-element-907b713 elementor-widget elementor-widget-heading\" data-id=\"907b713\" data-element_type=\"widget\" data-widget_type=\"heading.default\">\n\t\t\t\t<div class=\"elementor-widget-container\">\n\t\t\t\t\t<h2 class=\"elementor-heading-title elementor-size-default\">Pro\u010d si vybrat <b>Syringetest.com?<\/b><\/h2>\t\t\t\t<\/div>\n\t\t\t\t<\/div>\n\t\t\t\t<div class=\"elementor-element elementor-element-718f32f elementor-widget elementor-widget-text-editor\" data-id=\"718f32f\" data-element_type=\"widget\" data-widget_type=\"text-editor.default\">\n\t\t\t\t<div class=\"elementor-widget-container\">\n\t\t\t\t\t\t\t\t\t<p>Na adrese <strong>Syringetest.com<\/strong>, specializujeme se na navrhov\u00e1n\u00ed vysoce p\u0159esn\u00fdch, <strong>automatizovan\u00e9 testovac\u00ed syst\u00e9my<\/strong> kter\u00e9 jsou v souladu s normami ISO, v\u010detn\u011b <strong>ISO 9626 P\u0159\u00edloha C<\/strong>. Na\u0161e za\u0159\u00edzen\u00ed se \u0161iroce pou\u017e\u00edv\u00e1 p\u0159i kontrole kvality zdravotnick\u00fdch prost\u0159edk\u016f a zaji\u0161\u0165uje konzistentn\u00ed v\u00fdsledky test\u016f s minimem lidsk\u00fdch chyb. Krom\u011b toho nab\u00edz\u00edme <strong>p\u0159izp\u016fsobiteln\u00e1 \u0159e\u0161en\u00ed<\/strong> pro jedine\u010dn\u00e9 rozm\u011bry trubek nebo typy st\u011bn a poskytuj\u00ed <strong>slu\u017eby transformace automatizace<\/strong> bezprobl\u00e9mov\u011b integrovat tento test do v\u00fdrobn\u00edch linek.<\/p><p>A\u0165 u\u017e pracujete ve farmaceutick\u00e9m odv\u011btv\u00ed, v oblasti zdravotnick\u00fdch prost\u0159edk\u016f nebo v oblasti kontroly kvality, na\u0161e p\u0159\u00edstroje v\u00e1m pomohou udr\u017eet shodu s p\u0159edpisy a z\u00e1rove\u0148 zlep\u0161it provozn\u00ed efektivitu.<\/p>\t\t\t\t\t\t\t\t<\/div>\n\t\t\t\t<\/div>\n\t\t\t\t<div class=\"elementor-element elementor-element-f735b94 elementor-widget elementor-widget-eael-creative-button\" data-id=\"f735b94\" data-element_type=\"widget\" data-widget_type=\"eael-creative-button.default\">\n\t\t\t\t<div class=\"elementor-widget-container\">\n\t\t\t\t\t        <div class=\"eael-creative-button-wrapper\">\n\n            <a class=\"eael-creative-button eael-creative-button--default\" href=\"#\" data-text=\"Contact Us\">\n\n\t    \n                <div class=\"creative-button-inner\">\n\n                    \n                    <span class=\"cretive-button-text\">Kontaktujte n\u00e1s<\/span>\n\n                                    <\/div>\n\t                        <\/a>\n        <\/div>\n        \t\t\t\t<\/div>\n\t\t\t\t<\/div>\n\t\t\t\t\t<\/div>\n\t\t\t\t<\/div>\n\t\t\t\t<\/div>\n\t\t\t\t<\/div>\n\t\t\t\t<\/div>","protected":false},"excerpt":{"rendered":"<p>Needle Tubing Breakage Resistance Test Understanding needle tubing breakage resistance is crucial for maintaining the safety and quality of medical devices, especially syringes and infusion needles. This test ensures that the tubing can endure bending stress during manufacturing and clinical use without failure. For professionals working in quality control, especially in pharmaceutical and medical device [&hellip;]<\/p>","protected":false},"author":2,"featured_media":0,"parent":0,"menu_order":0,"comment_status":"closed","ping_status":"closed","template":"elementor_header_footer","meta":{"footnotes":""},"class_list":["post-311","page","type-page","status-publish","hentry"],"yoast_head":"<!-- This site is optimized with the Yoast SEO plugin v25.0 - https:\/\/yoast.com\/wordpress\/plugins\/seo\/ -->\n<title>Needle Tubing Breakage Resistance Test - ISO 9626 Annex C<\/title>\n<meta name=\"description\" content=\"Conduct syringe needle tubing breakage resistance tests in compliance with ISO 9626 and Annex C. Ensure safety and reliability in syringes.\" \/>\n<meta name=\"robots\" content=\"index, follow, max-snippet:-1, max-image-preview:large, max-video-preview:-1\" \/>\n<link rel=\"canonical\" href=\"https:\/\/www.syringetest.com\/cs\/needle-tubing-breakage-resistance-test\/\" \/>\n<meta property=\"og:locale\" content=\"cs_CZ\" \/>\n<meta property=\"og:type\" content=\"article\" \/>\n<meta property=\"og:title\" content=\"Needle Tubing Breakage Resistance Test - ISO 9626 Annex C\" \/>\n<meta property=\"og:description\" content=\"Conduct syringe needle tubing breakage resistance tests in compliance with ISO 9626 and Annex C. Ensure safety and reliability in syringes.\" \/>\n<meta property=\"og:url\" content=\"https:\/\/www.syringetest.com\/cs\/needle-tubing-breakage-resistance-test\/\" \/>\n<meta property=\"og:site_name\" content=\"Syringe and Needle Testing\" \/>\n<meta property=\"article:modified_time\" content=\"2025-05-06T08:08:46+00:00\" \/>\n<meta name=\"twitter:card\" content=\"summary_large_image\" \/>\n<meta name=\"twitter:label1\" content=\"Odhadovan\u00e1 doba \u010dten\u00ed\" \/>\n\t<meta name=\"twitter:data1\" content=\"4 minuty\" \/>\n<script type=\"application\/ld+json\" class=\"yoast-schema-graph\">{\"@context\":\"https:\/\/schema.org\",\"@graph\":[{\"@type\":\"WebPage\",\"@id\":\"https:\/\/www.syringetest.com\/needle-tubing-breakage-resistance-test\",\"url\":\"https:\/\/www.syringetest.com\/needle-tubing-breakage-resistance-test\",\"name\":\"Needle Tubing Breakage Resistance Test - ISO 9626 Annex C\",\"isPartOf\":{\"@id\":\"https:\/\/www.syringetest.com\/#website\"},\"datePublished\":\"2025-05-06T07:41:30+00:00\",\"dateModified\":\"2025-05-06T08:08:46+00:00\",\"description\":\"Conduct syringe needle tubing breakage resistance tests in compliance with ISO 9626 and Annex C. Ensure safety and reliability in syringes.\",\"breadcrumb\":{\"@id\":\"https:\/\/www.syringetest.com\/needle-tubing-breakage-resistance-test#breadcrumb\"},\"inLanguage\":\"cs\",\"potentialAction\":[{\"@type\":\"ReadAction\",\"target\":[\"https:\/\/www.syringetest.com\/needle-tubing-breakage-resistance-test\"]}]},{\"@type\":\"BreadcrumbList\",\"@id\":\"https:\/\/www.syringetest.com\/needle-tubing-breakage-resistance-test#breadcrumb\",\"itemListElement\":[{\"@type\":\"ListItem\",\"position\":1,\"name\":\"Home\",\"item\":\"https:\/\/www.syringetest.com\/\"},{\"@type\":\"ListItem\",\"position\":2,\"name\":\"Needle Tubing Breakage Resistance Test\"}]},{\"@type\":\"WebSite\",\"@id\":\"https:\/\/www.syringetest.com\/#website\",\"url\":\"https:\/\/www.syringetest.com\/\",\"name\":\"Syringe and Needle Testing\",\"description\":\"Syringe and Needle Test Solutions\",\"publisher\":{\"@id\":\"https:\/\/www.syringetest.com\/#organization\"},\"potentialAction\":[{\"@type\":\"SearchAction\",\"target\":{\"@type\":\"EntryPoint\",\"urlTemplate\":\"https:\/\/www.syringetest.com\/?s={search_term_string}\"},\"query-input\":{\"@type\":\"PropertyValueSpecification\",\"valueRequired\":true,\"valueName\":\"search_term_string\"}}],\"inLanguage\":\"cs\"},{\"@type\":\"Organization\",\"@id\":\"https:\/\/www.syringetest.com\/#organization\",\"name\":\"Syringe and Needle Testing\",\"url\":\"https:\/\/www.syringetest.com\/\",\"logo\":{\"@type\":\"ImageObject\",\"inLanguage\":\"cs\",\"@id\":\"https:\/\/www.syringetest.com\/#\/schema\/logo\/image\/\",\"url\":\"https:\/\/www.syringetest.com\/wp-content\/uploads\/2025\/04\/syringetest.webp\",\"contentUrl\":\"https:\/\/www.syringetest.com\/wp-content\/uploads\/2025\/04\/syringetest.webp\",\"width\":512,\"height\":512,\"caption\":\"Syringe and Needle Testing\"},\"image\":{\"@id\":\"https:\/\/www.syringetest.com\/#\/schema\/logo\/image\/\"}}]}<\/script>\n<!-- \/ Yoast SEO plugin. -->","yoast_head_json":{"title":"Needle Tubing Breakage Resistance Test - ISO 9626 Annex C","description":"Conduct syringe needle tubing breakage resistance tests in compliance with ISO 9626 and Annex C. Ensure safety and reliability in syringes.","robots":{"index":"index","follow":"follow","max-snippet":"max-snippet:-1","max-image-preview":"max-image-preview:large","max-video-preview":"max-video-preview:-1"},"canonical":"https:\/\/www.syringetest.com\/cs\/needle-tubing-breakage-resistance-test\/","og_locale":"cs_CZ","og_type":"article","og_title":"Needle Tubing Breakage Resistance Test - ISO 9626 Annex C","og_description":"Conduct syringe needle tubing breakage resistance tests in compliance with ISO 9626 and Annex C. Ensure safety and reliability in syringes.","og_url":"https:\/\/www.syringetest.com\/cs\/needle-tubing-breakage-resistance-test\/","og_site_name":"Syringe and Needle Testing","article_modified_time":"2025-05-06T08:08:46+00:00","twitter_card":"summary_large_image","twitter_misc":{"Odhadovan\u00e1 doba \u010dten\u00ed":"4 minuty"},"schema":{"@context":"https:\/\/schema.org","@graph":[{"@type":"WebPage","@id":"https:\/\/www.syringetest.com\/needle-tubing-breakage-resistance-test","url":"https:\/\/www.syringetest.com\/needle-tubing-breakage-resistance-test","name":"Needle Tubing Breakage Resistance Test - ISO 9626 Annex C","isPartOf":{"@id":"https:\/\/www.syringetest.com\/#website"},"datePublished":"2025-05-06T07:41:30+00:00","dateModified":"2025-05-06T08:08:46+00:00","description":"Conduct syringe needle tubing breakage resistance tests in compliance with ISO 9626 and Annex C. Ensure safety and reliability in syringes.","breadcrumb":{"@id":"https:\/\/www.syringetest.com\/needle-tubing-breakage-resistance-test#breadcrumb"},"inLanguage":"cs","potentialAction":[{"@type":"ReadAction","target":["https:\/\/www.syringetest.com\/needle-tubing-breakage-resistance-test"]}]},{"@type":"BreadcrumbList","@id":"https:\/\/www.syringetest.com\/needle-tubing-breakage-resistance-test#breadcrumb","itemListElement":[{"@type":"ListItem","position":1,"name":"Home","item":"https:\/\/www.syringetest.com\/"},{"@type":"ListItem","position":2,"name":"Needle Tubing Breakage Resistance Test"}]},{"@type":"WebSite","@id":"https:\/\/www.syringetest.com\/#website","url":"https:\/\/www.syringetest.com\/","name":"Syringe and Needle Testing","description":"Syringe and Needle Test Solutions","publisher":{"@id":"https:\/\/www.syringetest.com\/#organization"},"potentialAction":[{"@type":"SearchAction","target":{"@type":"EntryPoint","urlTemplate":"https:\/\/www.syringetest.com\/?s={search_term_string}"},"query-input":{"@type":"PropertyValueSpecification","valueRequired":true,"valueName":"search_term_string"}}],"inLanguage":"cs"},{"@type":"Organization","@id":"https:\/\/www.syringetest.com\/#organization","name":"Syringe and Needle Testing","url":"https:\/\/www.syringetest.com\/","logo":{"@type":"ImageObject","inLanguage":"cs","@id":"https:\/\/www.syringetest.com\/#\/schema\/logo\/image\/","url":"https:\/\/www.syringetest.com\/wp-content\/uploads\/2025\/04\/syringetest.webp","contentUrl":"https:\/\/www.syringetest.com\/wp-content\/uploads\/2025\/04\/syringetest.webp","width":512,"height":512,"caption":"Syringe and Needle Testing"},"image":{"@id":"https:\/\/www.syringetest.com\/#\/schema\/logo\/image\/"}}]}},"_links":{"self":[{"href":"https:\/\/www.syringetest.com\/cs\/wp-json\/wp\/v2\/pages\/311","targetHints":{"allow":["GET"]}}],"collection":[{"href":"https:\/\/www.syringetest.com\/cs\/wp-json\/wp\/v2\/pages"}],"about":[{"href":"https:\/\/www.syringetest.com\/cs\/wp-json\/wp\/v2\/types\/page"}],"author":[{"embeddable":true,"href":"https:\/\/www.syringetest.com\/cs\/wp-json\/wp\/v2\/users\/2"}],"replies":[{"embeddable":true,"href":"https:\/\/www.syringetest.com\/cs\/wp-json\/wp\/v2\/comments?post=311"}],"version-history":[{"count":4,"href":"https:\/\/www.syringetest.com\/cs\/wp-json\/wp\/v2\/pages\/311\/revisions"}],"predecessor-version":[{"id":315,"href":"https:\/\/www.syringetest.com\/cs\/wp-json\/wp\/v2\/pages\/311\/revisions\/315"}],"wp:attachment":[{"href":"https:\/\/www.syringetest.com\/cs\/wp-json\/wp\/v2\/media?parent=311"}],"curies":[{"name":"wp","href":"https:\/\/api.w.org\/{rel}","templated":true}]}}